{"id":2632,"date":"2026-04-01T15:33:39","date_gmt":"2026-04-01T12:33:39","guid":{"rendered":"https:\/\/tyhra.com.tr\/en2\/?post_type=product&#038;p=2632"},"modified":"2026-04-17T17:30:50","modified_gmt":"2026-04-17T14:30:50","slug":"weldone-3m-robotic-welding-cell","status":"publish","type":"product","link":"https:\/\/tyhra.com.tr\/en\/product\/welding-cells\/weldone-3m-robotic-welding-cell\/","title":{"rendered":"WELDONE 3M  Robotic Welding Cell"},"content":{"rendered":"","protected":false},"excerpt":{"rendered":"<div>\n<p class=\"text-lg text-gray-600 mb-6\">Kompakt tasar\u0131ml\u0131, \u00fc\u00e7 istasyonlu robotik kaynak h\u00fccresi. K\u0131sa \u00e7evrim<br \/>\n    s\u00fcreleri olan par\u00e7alar i\u00e7in ideal \u00e7\u00f6z\u00fcm.<\/p>\n<div class=\"space-y-4 mb-8\">\n<div class=\"grid grid-cols-12\">\n<div class=\"check-daire col-span-1\">\n        <i class=\"ri-check-line text-xl\"><\/i>\n      <\/div>\n<div class=\"col-span-11\">\n<h3 class=\"font-semibold text-gray-900\">\u00dc\u00e7 istasyonlu \u00e7al\u0131\u015fma<\/h3>\n<p class=\"text-gray-600\">\u0130ki b\u00fcy\u00fck bir k\u00fc\u00e7\u00fck \u00e7al\u0131\u015fma istasyonuyla robotun t\u00fcm eri\u015fim alan\u0131ndan faydalan\u0131l\u0131r.<\/p>\n<\/p><\/div>\n<\/p><\/div>\n<div class=\"grid grid-cols-12\">\n<div class=\"check-daire col-span-1\">\n        <i class=\"ri-check-line text-xl\"><\/i>\n      <\/div>\n<div class=\"col-span-11\">\n<h3 class=\"font-semibold text-gray-900\">Geni\u015f Fikst\u00fcr Alan\u0131<\/h3>\n<p class=\"text-gray-600\">2000 mm uzunlu\u011fa 1000mm \u00e7evirme \u00e7ap\u0131na kadar 2 adet fikst\u00fcr alan\u0131 ve 1000mm*700mm \u00f6l\u00e7\u00fclerine sahip \u00fc\u00e7\u00fcnc\u00fc fikst\u00fcr alan\u0131yla b\u00fcy\u00fck par\u00e7alar\u0131n kaynaklanmas\u0131na olanak tan\u0131r.<\/p>\n<\/p><\/div>\n<\/p><\/div>\n<div class=\"grid grid-cols-12\">\n<div class=\"check-daire col-span-1\">\n        <i class=\"ri-check-line text-xl\"><\/i>\n      <\/div>\n<div class=\"col-span-11\">\n<h3 class=\"font-semibold text-gray-900\">Monoblok Mod\u00fcler End\u00fcstriyel Tasar\u0131m<\/h3>\n<p class=\"text-gray-600\">H\u0131zl\u0131 kurulum ve kolay bak\u0131m imkan\u0131 ayr\u0131ca yer de\u011fi\u015ftirmede ise minimum<br \/>\n          pozisyon kayb\u0131 sunar.<\/p>\n<\/p><\/div>\n<\/p><\/div>\n<div class=\"grid grid-cols-12\">\n<div class=\"check-daire col-span-1\">\n        <i class=\"ri-check-line text-xl\"><\/i>\n      <\/div>\n<div class=\"col-span-11\">\n<h3 class=\"font-semibold text-gray-900\">Senkron ve \u0130ndeks Tek Eksen Pozisyoner<\/h3>\n<p class=\"text-gray-600\">600 kg\u2019a kadar kapasiteli tek eksen pozisyonerler, her istasyona entegre edilerek i\u015f par\u00e7alar\u0131 i\u00e7in hassas ve optimum pozisyonlama sa\u011flar.<\/p>\n<\/p><\/div>\n<\/p><\/div>\n<\/p><\/div>\n<div class=\"p2\">\n    <a href=\"#iletisim-formu\"\n      class=\"bg-primary text-white px-6 py-3 rounded-button hover:bg-primary\/90 transition-colors whitespace-nowrap\">Teklif<br \/>\n      \u0130ste<\/a><br \/>\n    <a href=\"\/weldone-robotik-kaynak-hucreleri\/\"\n      class=\"border border-primary text-primary px-6 py-3 rounded-button hover:bg-primary\/5 transition-colors whitespace-nowrap\">T\u00fcm<br \/>\n      Modelleri G\u00f6r<\/a>\n  <\/div>\n<\/div>\n","protected":false},"featured_media":2652,"template":"","meta":{"_acf_changed":false,"_uag_custom_page_level_css":"","site-sidebar-layout":"default","site-content-layout":"","ast-site-content-layout":"normal-width-container","site-content-style":"default","site-sidebar-style":"default","ast-global-header-display":"","ast-banner-title-visibility":"","ast-main-header-display":"","ast-hfb-above-header-display":"","ast-hfb-below-header-display":"","ast-hfb-mobile-header-display":"","site-post-title":"","ast-breadcrumbs-content":"","ast-featured-img":"","footer-sml-layout":"","ast-disable-related-posts":"","theme-transparent-header-meta":"default","adv-header-id-meta":"","stick-header-meta":"","header-above-stick-meta":"","header-main-stick-meta":"","header-below-stick-meta":"","astra-migrate-meta-layouts":"set","ast-page-background-enabled":"default","ast-page-background-meta":{"desktop":{"background-color":"var(--ast-global-color-4)","background-image":"","background-repeat":"repeat","background-position":"center center","background-size":"auto","background-attachment":"scroll","background-type":"","background-media":"","overlay-type":"","overlay-color":"","overlay-opacity":"","overlay-gradient":""},"tablet":{"background-color":"","background-image":"","background-repeat":"repeat","background-position":"center center","background-size":"auto","background-attachment":"scroll","background-type":"","background-media":"","overlay-type":"","overlay-color":"","overlay-opacity":"","overlay-gradient":""},"mobile":{"background-color":"","background-image":"","background-repeat":"repeat","background-position":"center center","background-size":"auto","background-attachment":"scroll","background-type":"","background-media":"","overlay-type":"","overlay-color":"","overlay-opacity":"","overlay-gradient":""}},"ast-content-background-meta":{"desktop":{"background-color":"var(--ast-global-color-5)","background-image":"","background-repeat":"repeat","background-position":"center center","background-size":"auto","background-attachment":"scroll","background-type":"","background-media":"","overlay-type":"","overlay-color":"","overlay-opacity":"","overlay-gradient":""},"tablet":{"background-color":"var(--ast-global-color-5)","background-image":"","background-repeat":"repeat","background-position":"center center","background-size":"auto","background-attachment":"scroll","background-type":"","background-media":"","overlay-type":"","overlay-color":"","overlay-opacity":"","overlay-gradient":""},"mobile":{"background-color":"var(--ast-global-color-5)","background-image":"","background-repeat":"repeat","background-position":"center center","background-size":"auto","background-attachment":"scroll","background-type":"","background-media":"","overlay-type":"","overlay-color":"","overlay-opacity":"","overlay-gradient":""}}},"product_brand":[],"product_cat":[34],"product_tag":[60,55,64,59,53,61,57,51,54,62,56,52,58,63],"class_list":{"0":"post-2632","1":"product","2":"type-product","3":"status-publish","4":"has-post-thumbnail","6":"product_cat-welding-cells","7":"product_tag-anahtar-teslim-kaynak-hucresi","8":"product_tag-ege-kaynak-robot","9":"product_tag-endustriyel-kaynak-hucreleri","10":"product_tag-endustriyel-robotik-cozumler","11":"product_tag-izmir-kaynak-robot","12":"product_tag-kaynak-hatti-otomasyonu","13":"product_tag-kaynak-otomasyonu","14":"product_tag-kaynak-robotu","15":"product_tag-manisa-kaynak-robot","16":"product_tag-mig-robot-hucresi","17":"product_tag-moduler-kaynak-hucresi","18":"product_tag-robot-entegratoru","19":"product_tag-robotik-kaynak-sistemleri","20":"product_tag-tig-robot-hucresi","21":"desktop-align-left","22":"tablet-align-left","23":"mobile-align-left","25":"first","26":"instock","27":"shipping-taxable","28":"product-type-simple"},"acf":[],"aioseo_notices":[],"uagb_featured_image_src":{"full":["https:\/\/tyhra.com.tr\/en\/wp-content\/uploads\/sites\/3\/2026\/04\/Weldone-3M-kare_Camera_Default-Camera-2.jpg",1500,1500,false],"thumbnail":["https:\/\/tyhra.com.tr\/en\/wp-content\/uploads\/sites\/3\/2026\/04\/Weldone-3M-kare_Camera_Default-Camera-2-150x150.jpg",150,150,true],"medium":["https:\/\/tyhra.com.tr\/en\/wp-content\/uploads\/sites\/3\/2026\/04\/Weldone-3M-kare_Camera_Default-Camera-2-300x300.jpg",300,300,true],"medium_large":["https:\/\/tyhra.com.tr\/en\/wp-content\/uploads\/sites\/3\/2026\/04\/Weldone-3M-kare_Camera_Default-Camera-2-768x768.jpg",768,768,true],"large":["https:\/\/tyhra.com.tr\/en\/wp-content\/uploads\/sites\/3\/2026\/04\/Weldone-3M-kare_Camera_Default-Camera-2-1024x1024.jpg",1024,1024,true],"1536x1536":["https:\/\/tyhra.com.tr\/en\/wp-content\/uploads\/sites\/3\/2026\/04\/Weldone-3M-kare_Camera_Default-Camera-2.jpg",1500,1500,false],"2048x2048":["https:\/\/tyhra.com.tr\/en\/wp-content\/uploads\/sites\/3\/2026\/04\/Weldone-3M-kare_Camera_Default-Camera-2.jpg",1500,1500,false],"woocommerce_thumbnail":["https:\/\/tyhra.com.tr\/en\/wp-content\/uploads\/sites\/3\/2026\/04\/Weldone-3M-kare_Camera_Default-Camera-2-768x768.jpg",400,400,true],"woocommerce_single":["https:\/\/tyhra.com.tr\/en\/wp-content\/uploads\/sites\/3\/2026\/04\/Weldone-3M-kare_Camera_Default-Camera-2.jpg",1080,1080,false],"woocommerce_gallery_thumbnail":["https:\/\/tyhra.com.tr\/en\/wp-content\/uploads\/sites\/3\/2026\/04\/Weldone-3M-kare_Camera_Default-Camera-2-100x100.jpg",100,100,true]},"uagb_author_info":{"display_name":"66hamza.66karabulut@gmail.com","author_link":"https:\/\/tyhra.com.tr\/en\/blog\/author\/"},"uagb_comment_info":0,"uagb_excerpt":"Kompakt tasar\u0131ml\u0131, \u00fc\u00e7 istasyonlu robotik kaynak h\u00fccresi. K\u0131sa \u00e7evrim s\u00fcreleri olan par\u00e7alar i\u00e7in ideal \u00e7\u00f6z\u00fcm. \u00dc\u00e7 istasyonlu \u00e7al\u0131\u015fma \u0130ki b\u00fcy\u00fck bir k\u00fc\u00e7\u00fck \u00e7al\u0131\u015fma istasyonuyla robotun t\u00fcm eri\u015fim alan\u0131ndan faydalan\u0131l\u0131r. Geni\u015f Fikst\u00fcr Alan\u0131 2000 mm uzunlu\u011fa 1000mm \u00e7evirme \u00e7ap\u0131na kadar 2 adet fikst\u00fcr alan\u0131 ve 1000mm*700mm \u00f6l\u00e7\u00fclerine sahip \u00fc\u00e7\u00fcnc\u00fc fikst\u00fcr alan\u0131yla b\u00fcy\u00fck par\u00e7alar\u0131n kaynaklanmas\u0131na olanak tan\u0131r.&hellip;","_links":{"self":[{"href":"https:\/\/tyhra.com.tr\/en\/wp-json\/wp\/v2\/product\/2632","targetHints":{"allow":["GET"]}}],"collection":[{"href":"https:\/\/tyhra.com.tr\/en\/wp-json\/wp\/v2\/product"}],"about":[{"href":"https:\/\/tyhra.com.tr\/en\/wp-json\/wp\/v2\/types\/product"}],"wp:featuredmedia":[{"embeddable":true,"href":"https:\/\/tyhra.com.tr\/en\/wp-json\/wp\/v2\/media\/2652"}],"wp:attachment":[{"href":"https:\/\/tyhra.com.tr\/en\/wp-json\/wp\/v2\/media?parent=2632"}],"wp:term":[{"taxonomy":"product_brand","embeddable":true,"href":"https:\/\/tyhra.com.tr\/en\/wp-json\/wp\/v2\/product_brand?post=2632"},{"taxonomy":"product_cat","embeddable":true,"href":"https:\/\/tyhra.com.tr\/en\/wp-json\/wp\/v2\/product_cat?post=2632"},{"taxonomy":"product_tag","embeddable":true,"href":"https:\/\/tyhra.com.tr\/en\/wp-json\/wp\/v2\/product_tag?post=2632"}],"curies":[{"name":"wp","href":"https:\/\/api.w.org\/{rel}","templated":true}]}}