{"id":2475,"date":"2026-03-13T13:37:54","date_gmt":"2026-03-13T13:37:54","guid":{"rendered":"https:\/\/tyhra.com.tr\/en2\/?post_type=product&#038;p=2475"},"modified":"2026-04-10T15:06:28","modified_gmt":"2026-04-10T12:06:28","slug":"esab-aristo-500ix-gazalti-kaynak-makinesi","status":"publish","type":"product","link":"https:\/\/tyhra.com.tr\/en\/product\/kaynak-makineleri\/esab-aristo-500ix-gazalti-kaynak-makinesi\/","title":{"rendered":"Esab Aristo 500ix Gazalt\u0131 Kaynak Makinesi"},"content":{"rendered":"<div id=\"specs\" class=\"accordion modified-accordion\">\r\n<div class=\"card\">\r\n<div id=\"collapseTwo\" class=\"custom-table print-9\">\r\n<table class=\"table table-bordered table-striped product-spec\">\r\n<thead class=\"tableHeader\">\r\n<tr>\r\n<th class=\"thColSpan\" colspan=\"2\" data-colspan=\"2\">Teknik \u00d6zellikler<\/th>\r\n<\/tr>\r\n<\/thead>\r\n<tbody>\r\n<tr class=\"product-spec-attributes arcvoltageinputvoltage\">\r\n<td>Gerilim<\/td>\r\n<td>380-460 V \u00b110 %, 3 \u03a6, 50\/60 Hz<\/td>\r\n<\/tr>\r\n<tr class=\"product-spec-attributes maxoutputaelectrical\">\r\n<td>Maks. \u00c7\u0131k\u0131\u015f<\/td>\r\n<td>500 A500 A500 A<\/td>\r\n<\/tr>\r\n<tr class=\"product-spec-attributes weldingoutputweldingprocess_GMAW\">\r\n<td>GMAW Kaynak \u00c7\u0131k\u0131\u015f\u0131<\/td>\r\n<td>500 A39.0 V @ 60 % \u00c7al\u0131\u015fma Verimi\r\n400 A34.0 V @ 100 % \u00c7al\u0131\u015fma Verimi<\/td>\r\n<\/tr>\r\n<tr class=\"product-spec-attributes weldingoutputweldingprocess_GTAW\">\r\n<td>GTAW Kaynak \u00c7\u0131k\u0131\u015f\u0131<\/td>\r\n<td>500 A30.0 V @ 60 % \u00c7al\u0131\u015fma Verimi\r\n400 A26.0 V @ 100 % \u00c7al\u0131\u015fma Verimi<\/td>\r\n<\/tr>\r\n<tr class=\"product-spec-attributes weldingoutputweldingprocess_SMAW\">\r\n<td>SMAW Kaynak \u00c7\u0131k\u0131\u015f\u0131<\/td>\r\n<td>500 A40.0 V @ 60 % \u00c7al\u0131\u015fma Verimi\r\n400 A36.0 V @ 100 % \u00c7al\u0131\u015fma Verimi<\/td>\r\n<\/tr>\r\n<tr class=\"product-spec-attributes settingrangearcspecificationsv\">\r\n<td>Ayar Aral\u0131\u011f\u0131<\/td>\r\n<td>14.8 &#8211; 39 V (16 &#8211; 500 A)\r\n20.6 &#8211; 40 V (16 &#8211; 500 A)\r\n10.2 &#8211; 30 V (5 &#8211; 500 A)<\/td>\r\n<\/tr>\r\n<tr class=\"product-spec-attributes opencircuitvoltageelectrical\">\r\n<td>A\u00e7\u0131k Devre Gerilimi<\/td>\r\n<td>58 V<\/td>\r\n<\/tr>\r\n<tr class=\"product-spec-attributes powerfactoratmaxcurrentelectrical\">\r\n<td>Maksimum Ak\u0131mda G\u00fc\u00e7 Fakt\u00f6r\u00fc<\/td>\r\n<td>(GMAW) 0.91<\/td>\r\n<\/tr>\r\n<tr class=\"product-spec-attributes efficiencyatmaxcurrentelectrical\">\r\n<td>Maksimum Ak\u0131mda Verimlilik<\/td>\r\n<td>(GMAW) 90 %<\/td>\r\n<\/tr>\r\n<tr class=\"product-spec-attributes operatingtempmet\">\r\n<td>\u00c7al\u0131\u015fma S\u0131c<\/td>\r\n<td>-20 to +40 \u00b0C<\/td>\r\n<\/tr>\r\n<tr class=\"product-spec-attributes enclosureclasses\">\r\n<td>Muhafaza S\u0131n\u0131f\u0131<\/td>\r\n<td>IP23<\/td>\r\n<\/tr>\r\n<tr class=\"product-spec-attributes insulationclasses\">\r\n<td>Yal\u0131t\u0131m s\u0131n\u0131f\u0131<\/td>\r\n<td>H<\/td>\r\n<\/tr>\r\n<tr class=\"product-spec-attributes applicationsclasses\">\r\n<td>Uygulama S\u0131n\u0131fland\u0131rmas\u0131<\/td>\r\n<td>S<\/td>\r\n<\/tr>\r\n<tr class=\"product-spec-attributes certifications\">\r\n<td>Sertifika \u0130\u015fareti<\/td>\r\n<td>CE<\/td>\r\n<\/tr>\r\n<tr class=\"product-spec-attributes dimensions\">\r\n<td>Dimensions, L x W x H<\/td>\r\n<td>712 x 325 x 470 mm<\/td>\r\n<\/tr>\r\n<tr class=\"product-spec-attributes weight\">\r\n<td>Weight<\/td>\r\n<td>58.5 kg<\/td>\r\n<\/tr>\r\n<\/tbody>\r\n<\/table>\r\n<\/div>\r\n<\/div>\r\n<\/div>","protected":false},"excerpt":{"rendered":"<div class=\"flex flex-wrap gap-4\"><a class=\"bg-primary text-white px-6 py-3 rounded-button hover:bg-primary\/90 transition-colors whitespace-nowrap\" href=\"#iletisim-formu\">Teklif<br \/>\n\u0130ste<\/a><\/div>\n","protected":false},"featured_media":2778,"template":"","meta":{"_acf_changed":false,"_uag_custom_page_level_css":"","site-sidebar-layout":"default","site-content-layout":"","ast-site-content-layout":"default","site-content-style":"default","site-sidebar-style":"default","ast-global-header-display":"","ast-banner-title-visibility":"","ast-main-header-display":"","ast-hfb-above-header-display":"","ast-hfb-below-header-display":"","ast-hfb-mobile-header-display":"","site-post-title":"","ast-breadcrumbs-content":"","ast-featured-img":"","footer-sml-layout":"","ast-disable-related-posts":"","theme-transparent-header-meta":"default","adv-header-id-meta":"","stick-header-meta":"","header-above-stick-meta":"","header-main-stick-meta":"","header-below-stick-meta":"","astra-migrate-meta-layouts":"set","ast-page-background-enabled":"default","ast-page-background-meta":{"desktop":{"background-color":"var(--ast-global-color-4)","background-image":"","background-repeat":"repeat","background-position":"center center","background-size":"auto","background-attachment":"scroll","background-type":"","background-media":"","overlay-type":"","overlay-color":"","overlay-opacity":"","overlay-gradient":""},"tablet":{"background-color":"","background-image":"","background-repeat":"repeat","background-position":"center center","background-size":"auto","background-attachment":"scroll","background-type":"","background-media":"","overlay-type":"","overlay-color":"","overlay-opacity":"","overlay-gradient":""},"mobile":{"background-color":"","background-image":"","background-repeat":"repeat","background-position":"center center","background-size":"auto","background-attachment":"scroll","background-type":"","background-media":"","overlay-type":"","overlay-color":"","overlay-opacity":"","overlay-gradient":""}},"ast-content-background-meta":{"desktop":{"background-color":"var(--ast-global-color-5)","background-image":"","background-repeat":"repeat","background-position":"center center","background-size":"auto","background-attachment":"scroll","background-type":"","background-media":"","overlay-type":"","overlay-color":"","overlay-opacity":"","overlay-gradient":""},"tablet":{"background-color":"var(--ast-global-color-5)","background-image":"","background-repeat":"repeat","background-position":"center center","background-size":"auto","background-attachment":"scroll","background-type":"","background-media":"","overlay-type":"","overlay-color":"","overlay-opacity":"","overlay-gradient":""},"mobile":{"background-color":"var(--ast-global-color-5)","background-image":"","background-repeat":"repeat","background-position":"center center","background-size":"auto","background-attachment":"scroll","background-type":"","background-media":"","overlay-type":"","overlay-color":"","overlay-opacity":"","overlay-gradient":""}}},"product_brand":[],"product_cat":[38],"product_tag":[],"class_list":{"0":"post-2475","1":"product","2":"type-product","3":"status-publish","4":"has-post-thumbnail","6":"product_cat-kaynak-makineleri","7":"desktop-align-left","8":"tablet-align-left","9":"mobile-align-left","11":"first","12":"instock","13":"shipping-taxable","14":"product-type-simple"},"acf":[],"aioseo_notices":[],"uagb_featured_image_src":{"full":["https:\/\/tyhra.com.tr\/en\/wp-content\/uploads\/sites\/3\/2026\/03\/esab.jpg",1500,1500,false],"thumbnail":["https:\/\/tyhra.com.tr\/en\/wp-content\/uploads\/sites\/3\/2026\/03\/esab-150x150.jpg",150,150,true],"medium":["https:\/\/tyhra.com.tr\/en\/wp-content\/uploads\/sites\/3\/2026\/03\/esab-300x300.jpg",300,300,true],"medium_large":["https:\/\/tyhra.com.tr\/en\/wp-content\/uploads\/sites\/3\/2026\/03\/esab-768x768.jpg",768,768,true],"large":["https:\/\/tyhra.com.tr\/en\/wp-content\/uploads\/sites\/3\/2026\/03\/esab-1024x1024.jpg",1024,1024,true],"1536x1536":["https:\/\/tyhra.com.tr\/en\/wp-content\/uploads\/sites\/3\/2026\/03\/esab.jpg",1500,1500,false],"2048x2048":["https:\/\/tyhra.com.tr\/en\/wp-content\/uploads\/sites\/3\/2026\/03\/esab.jpg",1500,1500,false],"woocommerce_thumbnail":["https:\/\/tyhra.com.tr\/en\/wp-content\/uploads\/sites\/3\/2026\/03\/esab-768x768.jpg",400,400,true],"woocommerce_single":["https:\/\/tyhra.com.tr\/en\/wp-content\/uploads\/sites\/3\/2026\/03\/esab.jpg",1080,1080,false],"woocommerce_gallery_thumbnail":["https:\/\/tyhra.com.tr\/en\/wp-content\/uploads\/sites\/3\/2026\/03\/esab-100x100.jpg",100,100,true]},"uagb_author_info":{"display_name":"66hamza.66karabulut@gmail.com","author_link":"https:\/\/tyhra.com.tr\/en\/blog\/author\/"},"uagb_comment_info":0,"uagb_excerpt":"Teklif \u0130ste","_links":{"self":[{"href":"https:\/\/tyhra.com.tr\/en\/wp-json\/wp\/v2\/product\/2475","targetHints":{"allow":["GET"]}}],"collection":[{"href":"https:\/\/tyhra.com.tr\/en\/wp-json\/wp\/v2\/product"}],"about":[{"href":"https:\/\/tyhra.com.tr\/en\/wp-json\/wp\/v2\/types\/product"}],"wp:featuredmedia":[{"embeddable":true,"href":"https:\/\/tyhra.com.tr\/en\/wp-json\/wp\/v2\/media\/2778"}],"wp:attachment":[{"href":"https:\/\/tyhra.com.tr\/en\/wp-json\/wp\/v2\/media?parent=2475"}],"wp:term":[{"taxonomy":"product_brand","embeddable":true,"href":"https:\/\/tyhra.com.tr\/en\/wp-json\/wp\/v2\/product_brand?post=2475"},{"taxonomy":"product_cat","embeddable":true,"href":"https:\/\/tyhra.com.tr\/en\/wp-json\/wp\/v2\/product_cat?post=2475"},{"taxonomy":"product_tag","embeddable":true,"href":"https:\/\/tyhra.com.tr\/en\/wp-json\/wp\/v2\/product_tag?post=2475"}],"curies":[{"name":"wp","href":"https:\/\/api.w.org\/{rel}","templated":true}]}}