{"id":2802,"date":"2026-04-03T10:27:16","date_gmt":"2026-04-03T07:27:16","guid":{"rendered":"https:\/\/tyhra.com.tr\/en2\/?page_id=2802"},"modified":"2026-04-17T08:44:51","modified_gmt":"2026-04-17T05:44:51","slug":"terms-of-use","status":"publish","type":"page","link":"https:\/\/tyhra.com.tr\/en\/terms-of-use\/","title":{"rendered":"Terms of Use"},"content":{"rendered":"\n<h1 class=\"wp-block-heading\">KULLANIM KO\u015eULLARI<\/h1>\n\n\n\n<p>Kullan\u0131m Ko\u015fullar\u0131, eri\u015fim sa\u011flad\u0131\u011f\u0131n\u0131z www.tyhra.com.tr\/en2 internet sitesinin kullan\u0131lmas\u0131na ili\u015fkin kural ve ko\u015fullar\u0131 belirlemekte ve bu do\u011frultuda Taraflar\u2019\u0131n hak ve y\u00fck\u00fcml\u00fcl\u00fcklerini d\u00fczenlemektedir.<\/p>\n\n\n\n<h2 class=\"wp-block-heading\">1. Kullan\u0131m Ko\u015fullar\u0131<\/h2>\n\n\n\n<p><strong>1.1.<\/strong>&nbsp;Kullan\u0131m Ko\u015fullar\u0131, eri\u015fim sa\u011flad\u0131\u011f\u0131n\u0131z www.tyhra.com.tr\/en2 internet sitesinin kullan\u0131lmas\u0131na ili\u015fkin kural ve ko\u015fullar\u0131 belirlemekte ve bu do\u011frultuda Taraflar\u2019\u0131n hak ve y\u00fck\u00fcml\u00fcl\u00fcklerini d\u00fczenlemektedir.<\/p>\n\n\n\n<p><strong>1.2.<\/strong>&nbsp;Site\u2019ye eri\u015filmesi ve Site\u2019nin kullan\u0131m\u0131 ile Kullan\u0131c\u0131lar\u0131n Site \u00fczerinden ger\u00e7ekle\u015ftirece\u011fi t\u00fcm i\u015flemler i\u015fbu Kullan\u0131m Ko\u015fullar\u0131na tabidir.<\/p>\n\n\n\n<p><strong>1.3.<\/strong>&nbsp;Kullan\u0131m Ko\u015fullar\u0131\u2019n\u0131 kabul ederek, Site\u2019yi kullanmak ve Kullan\u0131m Ko\u015fullar\u0131\u2019n\u0131 kabul i\u00e7in gerekli t\u00fcm yasal izin ve gereklilikleri ta\u015f\u0131d\u0131\u011f\u0131n\u0131z\u0131, Site\u2019yi yetkilisi oldu\u011funuz bir \u015firket ad\u0131na kullanacaksan\u0131z, s\u00f6z konusu \u015firketi temsil etmek ve \u015firket ad\u0131na i\u015flem yapabilmek i\u00e7in gerekli t\u00fcm yetkileri haiz oldu\u011funuzu beyan edersiniz.<\/p>\n\n\n\n<p><strong>1.4.<\/strong>&nbsp;TYHRA END\u00dcSTR\u0130YEL OTOMASYON VE TARIM SANAY\u0130 VE T\u0130CARET A.\u015e.\u2019nin bu Kullan\u0131m Ko\u015fullar\u0131n\u0131n istedi\u011fi zaman, herhangi bir bildirimde bulunmaks\u0131z\u0131n t\u00fcm i\u00e7eri\u011fini de\u011fi\u015ftirme, g\u00fcncelleme ve yenileme hakk\u0131n\u0131 sakl\u0131 tutmaktad\u0131r. Site\u2019deki g\u00fcncellemeleri takip etmek Kullan\u0131c\u0131lar\u0131n sorumlulu\u011fundad\u0131r. G\u00fcncel Kullan\u0131m Ko\u015fullar\u0131, Site\u2019de yay\u0131nland\u0131\u011f\u0131 andan itibaren ge\u00e7erli olacak ve Site\u2019nin kullan\u0131m\u0131 o andan itibaren g\u00fcncel Kullan\u0131m Ko\u015fullar\u0131na ba\u011fl\u0131 olacakt\u0131r. Bu nedenle l\u00fcften \u201cKullan\u0131m Ko\u015fullar\u0131\u201d sayfas\u0131n\u0131 d\u00fczenli olarak takip ediniz.<\/p>\n\n\n\n<p><strong>1.5.<\/strong>&nbsp;\u015eirket, herhangi bir zamanda, Site\u2019nin, \u00f6zelliklerinin veya i\u015flevlerinin herhangi bir k\u0131sm\u0131n\u0131 de\u011fi\u015ftirebilir, y\u00fckseltebilir veya yeni bir s\u00fcr\u00fcm yay\u0131nlayabilir. Aksi a\u00e7\u0131k\u00e7a ve ayr\u0131 olarak \u015eirket taraf\u0131ndan belirtilmedik\u00e7e, Site\u2019nin herhangi bir yeni s\u00fcr\u00fcm\u00fc bu Kullan\u0131m Ko\u015fullar\u0131na tabi olacakt\u0131r.<\/p>\n\n\n\n<p><strong>1.6.<\/strong>&nbsp;Bu Kullan\u0131m Ko\u015fullar\u0131n\u0131 kabul etmiyorsan\u0131z, l\u00fctfen Site\u2019yi kullanmay\u0131n\u0131z. Site\u2019yi kullanmaya ba\u015flamadan \u00f6nce Kullan\u0131m Ko\u015fullar\u0131n\u0131 dikkatle okuyunuz.<\/p>\n\n\n\n<p><strong>1.7.<\/strong>&nbsp;\u015eirket Kullan\u0131m Ko\u015fullar\u0131\u2019n\u0131 ihl\u00e2l etmeniz durumunda Site\u2019yi kullan\u0131m\u0131z\u0131 sonland\u0131rabilir ve\/veya hukuka ayk\u0131r\u0131l\u0131k halinde hakk\u0131n\u0131zda dava veya hukuki takip yoluna ba\u015fvurabilir.<\/p>\n\n\n\n<h2 class=\"wp-block-heading\">2. Genel \u015eartlar<\/h2>\n\n\n\n<p><strong>2.1.<\/strong>&nbsp;Site\u2019yi kullanan Kullan\u0131c\u0131lar\u0131n cihazlar\u0131ndan ve\/veya internet ba\u011flant\u0131lar\u0131ndan dolay\u0131 olabilecek herhangi bir hata, sistemsel yava\u015fl\u0131k, Site\u2019yi kullanamama gibi durumlardan \u015eirket sorumlu tutulamaz. Kullan\u0131c\u0131, Site\u2019de yap\u0131lacak iyile\u015ftirme ve di\u011fer de\u011fi\u015fiklikleri uygulamak i\u00e7in Site\u2019ye eri\u015fimin ge\u00e7ici olarak engellenebilece\u011fini kabul eder.<\/p>\n\n\n\n<p><strong>2.2.<\/strong>&nbsp;\u015eirket veya ba\u011fl\u0131 kurulu\u015flar\u0131, i\u015ftirakleri, direkt\u00f6rleri, temsilcileri, \u00e7al\u0131\u015fanlar\u0131 veya di\u011fer temsilcileri bu Site\u2019nin kullan\u0131lmas\u0131 veya kullan\u0131lamamas\u0131 veya bu Site\u2019nin i\u00e7eri\u011fine g\u00fcvenilmesi ile ba\u011flant\u0131l\u0131 olarak ortaya \u00e7\u0131kabilecek k\u00e2r veya gelir kayb\u0131, veri kayb\u0131 ve\/veya i\u015f kayb\u0131 dahil ancak bunlarla s\u0131n\u0131rl\u0131 olmamak \u00fczere hi\u00e7bir do\u011frudan, dolayl\u0131, \u00f6zel, ar\u0131zi, netice kabilinden, cezai ve\/veya \u00f6rnek hasardan, \u015eirket&#8217;e s\u00f6z konusu hasar olas\u0131l\u0131\u011f\u0131 \u00f6nceden bildirilmi\u015f olsa bile, hi\u00e7bir \u015fekilde sorumlu de\u011fildir.<\/p>\n\n\n\n<p><strong>2.3.<\/strong>&nbsp;\u015eirket, diledi\u011finde ve herhangi bir sebep g\u00f6stermeksizin Site\u2019deki i\u00e7erikleri kald\u0131rma ve de\u011fi\u015ftirme hakk\u0131n\u0131 sakl\u0131 tutar.<\/p>\n\n\n\n<p><strong>2.4.<\/strong>&nbsp;\u015eirket, i\u015fbu Kullan\u0131m Ko\u015fullar\u0131nda belirtilen y\u00fck\u00fcml\u00fcl\u00fcklere veya Site\u2019de bildirilen genel kurallara ayk\u0131r\u0131l\u0131k olu\u015fturan durumlarda (Site\u2019nin genel g\u00fcvenli\u011fini tehdit edecek, Site\u2019nin ve kullan\u0131lan yaz\u0131l\u0131mlar\u0131n \u00e7al\u0131\u015fmas\u0131n\u0131 engelleyecek yaz\u0131l\u0131mlar\u0131n kullan\u0131lmas\u0131, faaliyetlerin yap\u0131lmas\u0131, yap\u0131lmaya \u00e7al\u0131\u015f\u0131lmas\u0131 ve bilgilerin al\u0131nmas\u0131, silinmesi, de\u011fi\u015ftirilmesi gibi) giri\u015fimlerde bulunan ger\u00e7ek\/t\u00fczel ki\u015fi veya ki\u015filer hakk\u0131nda kanuni haklar\u0131n\u0131 sakl\u0131 tutmak ko\u015fuluyla Site kullan\u0131m\u0131n\u0131 engelleyebilir.<\/p>\n\n\n\n<p><strong>2.5.<\/strong>&nbsp;Site\u2019nin ya da Site\u2019de yer alan i\u00e7eriklerin yasad\u0131\u015f\u0131 ama\u00e7 veya ama\u00e7larla kullan\u0131lmas\u0131, herhangi bir b\u00f6l\u00fcm\u00fcne robot veya warm gibi otomatik bir mekanizma kullanarak eri\u015filmesi ya da ticari\/ticari olmayan ama\u00e7larla kopyalanmas\u0131 ve izlenmesi yasakt\u0131r.<\/p>\n\n\n\n<p><strong>2.6.<\/strong>&nbsp;Bu Site, \u00fc\u00e7\u00fcnc\u00fc taraf uygulamalar\u0131na\/web sitelerine ba\u011flant\u0131lar i\u00e7erebilir, ancak \u015eirket bu uygulamalar\u0131n\/web sitelerinin hi\u00e7bir i\u00e7eri\u011finden sorumlu de\u011fildir. S\u00f6z konusu uygulamalar\u0131\/web sitelerini kullan\u0131rken ge\u00e7erli kullan\u0131m kurallar\u0131n\u0131 incelemeniz ve onaylaman\u0131z gerekebilir. Ayr\u0131ca, herhangi bir \u00fc\u00e7\u00fcnc\u00fc taraf uygulamas\u0131na\/web sitesine verilen bir ba\u011flant\u0131, \u015eirket&#8217;in uygulamay\u0131\/siteyi ya da uygulamada\/sitede ad\u0131 ge\u00e7en \u00fcr\u00fcn veya hizmetleri onaylad\u0131\u011f\u0131 anlam\u0131na gelmez.<\/p>\n\n\n\n<h2 class=\"wp-block-heading\">3. Kullan\u0131m Ko\u015fullar\u0131<\/h2>\n\n\n\n<p><strong>3.1.<\/strong>&nbsp;Kullan\u0131c\u0131, Site\u2019de ger\u00e7ekle\u015ftirece\u011fi t\u00fcm i\u015flemlerde, Kullan\u0131m Ko\u015fullar\u0131 ile Site\u2019de zaman zaman yay\u0131mlanabilecek di\u011fer h\u00fck\u00fcmlere, kanuna, ahlaka ve adaba, d\u00fcr\u00fcstl\u00fck ilkelerine uyaca\u011f\u0131n\u0131, herhangi bir y\u00f6ntem ile Site\u2019nin i\u015fleyi\u015fini engelleyebilecek davran\u0131\u015flar ve \u00fc\u00e7\u00fcnc\u00fc ki\u015filerin haklar\u0131na tecav\u00fcz eden veya etme tehlikesi bulunan fiillerde bulunmayaca\u011f\u0131n\u0131 kabul, beyan ve taahh\u00fct eder.<\/p>\n\n\n\n<p><strong>3.2.<\/strong>&nbsp;Kullan\u0131c\u0131lar, Site i\u00e7eri\u011finde yer alan i\u00e7eri\u011fi, yaln\u0131zca ki\u015fisel kullan\u0131m ama\u00e7l\u0131 olarak g\u00f6r\u00fcnt\u00fcleyebilir ve bu i\u00e7erikle ilgili bilgi edinmek \u00fczere ve burada yay\u0131nlanan Kullan\u0131m Ko\u015fullar\u0131\u2019na uygun \u015fekilde kullanabilirler. Bunun d\u0131\u015f\u0131nda yap\u0131lan eri\u015fim ve kullan\u0131mlar hukuka ayk\u0131r\u0131 olup; \u015eirket\u2019in ve di\u011fer i\u00e7erik sahiplerinin yasal haklar\u0131 sakl\u0131d\u0131r.<\/p>\n\n\n\n<p><strong>3.3.<\/strong>&nbsp;Kullan\u0131c\u0131lar, Site\u2019deki i\u00e7eriklerin kullan\u0131m\u0131ndan veya bu i\u00e7eriklere dayal\u0131 olarak alm\u0131\u015f olduklar\u0131 kararlar\u0131n sonu\u00e7lar\u0131ndan tamam\u0131yla kendilerinin sorumlu oldu\u011funu ve \u015eirket veya di\u011fer i\u00e7erik sahibi \u00fc\u00e7\u00fcnc\u00fc ki\u015filere sorumluluk y\u00f6neltilemeyece\u011fini kabul ve taahh\u00fct etmi\u015flerdir.<\/p>\n\n\n\n<p><strong>3.4.<\/strong>&nbsp;Kullan\u0131m Ko\u015fullar\u0131nda kabul etmedi\u011finiz herhangi bir madde varsa veya Kullan\u0131m Ko\u015fullar\u0131n\u0131 onaylamaya veya kabul etmeye yetkili de\u011filseniz, Site\u2019yi kullanamazs\u0131n\u0131z. Ayr\u0131ca yasal olarak re\u015fit oldu\u011funuzu, yasal mevzuat \u00e7er\u00e7evesinde ba\u011flay\u0131c\u0131 anla\u015fmalar yapabilecek durumda oldu\u011funuzu ve i\u015fbu Kullan\u0131m Ko\u015fullar\u0131nda belirtilen her t\u00fcrl\u00fc ko\u015ful, zorunluluk, teyit, vek\u00e2let ve garantinin sorumlulu\u011fu alt\u0131na girmeye, bu Kullan\u0131m Ko\u015fullar\u0131 \u00e7er\u00e7evesinde de\u011ferlendirilmeye, bu ko\u015fullara uymaya yetkin oldu\u011funuzu da beyan edersiniz.<\/p>\n\n\n\n<p><strong>3.5.<\/strong>&nbsp;\u015e\u0130RKET, BU KULLANIM KO\u015eULLARI \u0130LE BA\u011eLANTILI OLARAK, T\u0130CAR\u0130 ELVER\u0130\u015eL\u0130L\u0130K VEYA BEL\u0130RL\u0130 B\u0130R AMACA UYGUNLUK GARANT\u0130 VE KO\u015eULLARI DAH\u0130L, A\u00c7IK, ZIMN\u0130, YASAL YA DA BA\u015eKA \u015eEK\u0130LDE H\u0130\u00c7B\u0130R GARANT\u0130 VEYA KO\u015eUL SA\u011eLAMAMAKTADIR. \u015e\u0130RKET, S\u0130TEN\u0130N HATASIZ YA DA KES\u0130NT\u0130S\u0130Z OLACA\u011eINA (S\u0130BER SALDIRILAR VEYA K\u00d6T\u00dc AMA\u00c7LI KOD VEYA YAZILIMDAK\u0130 KES\u0130NT\u0130LER DAH\u0130L) YA DA HER T\u00dcR YAZILIMLA UYUMLU OLACA\u011eINA DA\u0130R HERHANG\u0130 B\u0130R GARANT\u0130 VERMEZ. \u015e\u0130RKET, S\u0130TEYE ER\u0130\u015e\u0130M\u0130N\u0130Z VEYA KULLANIMINIZDAN KAYNAKLANAN HERHANG\u0130 B\u0130R ZARAR \u0130\u00c7\u0130N SORUMLULU\u011eU REDDEDER. S\u0130TEYE ER\u0130\u015e\u0130M\u0130N\u0130Z\u0130N VE KULLANMANIN KEND\u0130 R\u0130SK\u0130N\u0130ZDE OLDU\u011eUNU VE B\u0130LG\u0130 S\u0130STEMLER\u0130N\u0130ZDE VEYA VARLIKLARINIZDA GER\u00c7EKLE\u015eEN HERHANG\u0130 B\u0130R ZARARDAN VEYA BU T\u00dcR ER\u0130\u015e\u0130M YA DA KULLANIMDAN SONUCU OLU\u015eAN VER\u0130 KAYBINDAN YALNIZCA S\u0130Z\u0130N SORUMLU OLACA\u011eINIZI KABUL EDERS\u0130N\u0130Z.<\/p>\n\n\n\n<p><strong>3.6.<\/strong>&nbsp;Site\u2019ye eri\u015fim ve kullan\u0131m kapsam\u0131nda a\u015fa\u011f\u0131da i\u015flemlerin ger\u00e7ekle\u015ftirilmesi yasakt\u0131r:<\/p>\n\n\n\n<ul class=\"wp-block-list\">\n<li>Site\u2019yi hileli veya ba\u015fka \u015fekilde haks\u0131z veya yasad\u0131\u015f\u0131 herhangi bir ama\u00e7 i\u00e7in kullanmak.<\/li>\n\n\n\n<li>Site\u2019yi kullanma yetkisini ortadan herhangi bir sebebe ra\u011fmen Site\u2019yi kullan\u0131ma devam etmek.<\/li>\n\n\n\n<li>Site\u2019ye yetkisiz eri\u015fim sa\u011flamaya \u00e7al\u0131\u015fmak.<\/li>\n\n\n\n<li>Site i\u00e7in g\u00fcvenlik a\u00e7\u0131\u011f\u0131 veya benzer testler ger\u00e7ekle\u015ftirmek.<\/li>\n\n\n\n<li>Site\u2019nin di\u011fer kullan\u0131c\u0131lar\u0131 hakk\u0131nda bilgi toplamak veya toplamaya \u00e7al\u0131\u015fmak.<\/li>\n\n\n\n<li>Site\u2019nin herhangi bir b\u00f6l\u00fcm\u00fcn\u00fc hacklemek veya tahrif etmek de dahil olmak \u00fczere, Site\u2019nin veya Site\u2019yi kullan\u0131labilir k\u0131lmak i\u00e7in kullan\u0131lan sunucular\u0131n veya a\u011flar\u0131n \u00e7al\u0131\u015fmas\u0131na m\u00fcdahale veya kesintiye u\u011fratmak veya bu t\u00fcr sunucular\u0131n\/a\u011flar\u0131n herhangi bir gereksinimini, prosed\u00fcr\u00fcn\u00fc veya politikas\u0131n\u0131 ihlal etmek.<\/li>\n\n\n\n<li>Ba\u015fka bir ki\u015finin Site\u2019yi kullanmas\u0131n\u0131 k\u0131s\u0131tlamak veya engellemek.<\/li>\n\n\n\n<li>Site\u2019nin herhangi bir b\u00f6l\u00fcm\u00fcn\u00fc (veya herhangi bir kullan\u0131m\u0131n\u0131), \u015eirket\u2019in yetkisi olmaks\u0131z\u0131n \u00e7o\u011faltmak, de\u011fi\u015ftirmek, uyarlamak, t\u00fcrev \u00e7al\u0131\u015fmalar olu\u015fturmak, satmak, kiralamak, \u00f6d\u00fcn\u00e7 vermek veya ba\u015fka \u015fekilde kullanmak.<\/li>\n\n\n\n<li>Site\u2019nin herhangi bir b\u00f6l\u00fcm\u00fcn\u00fc ters m\u00fchendislik, kaynak koda d\u00f6n\u00fc\u015ft\u00fcrme veya par\u00e7alar\u0131na ay\u0131rmak.<\/li>\n\n\n\n<li>Herhangi bir telif hakk\u0131, ticari marka veya di\u011fer m\u00fclkiyet haklar\u0131na ayk\u0131r\u0131 davran\u0131\u015flarda bulunmak.<\/li>\n\n\n\n<li>Site ile ayn\u0131 veya benzer amaca hizmet eden veya ba\u015fka bir \u015fekilde rekabet eden bir \u00fcr\u00fcn veya hizmet geli\u015ftirmek i\u00e7in Site\u2019yi\/Site\u2019nin i\u00e7eriklerini kullanmak.<\/li>\n<\/ul>\n\n\n\n<p><strong>3.7.<\/strong>&nbsp;Site\u2019yi kullan\u0131m i\u00e7in gereken t\u00fcm donan\u0131m, telekom\u00fcnikasyon ve di\u011fer hizmetlerin temin edilmesi, bak\u0131m\u0131 ve \u00f6demesinden Kullan\u0131c\u0131lar sorumludur.<\/p>\n\n\n\n<h2 class=\"wp-block-heading\">4. Fikri Haklar<\/h2>\n\n\n\n<p><strong>4.1.<\/strong>&nbsp;Site\u2019de yer alan unvan, i\u015fletme ad\u0131, marka, patent, logo, tasar\u0131m, bilgi ve y\u00f6ntem gibi tescilli veya tescilsiz t\u00fcm fikri m\u00fclkiyet haklar\u0131 Site i\u015fleteni ve sahibi \u015eirket\u2019e ait olup, ulusal ve uluslararas\u0131 hukuk nezdinde koruma alt\u0131ndad\u0131r. Site\u2019nin indirilmesi veya kullan\u0131lmas\u0131 s\u00f6z konusu fikri m\u00fclkiyet haklar\u0131 konusunda hi\u00e7bir hak vermez.<\/p>\n\n\n\n<p><strong>4.2.<\/strong>&nbsp;Site\u2019de yer alan bilgiler hi\u00e7bir \u015fekilde \u00e7o\u011falt\u0131lamaz, yay\u0131nlanamaz, kopyalanamaz, sunulamaz ve\/veya aktar\u0131lamaz. Site\u2019nin b\u00fct\u00fcn\u00fc veya bir k\u0131sm\u0131 di\u011fer bir internet sitesi\/uygulama\/mecrada izinsiz olarak veya burada belirtilen kurallara ayk\u0131r\u0131 olarak kullan\u0131lamaz.<\/p>\n\n\n\n<p><strong>4.3.<\/strong>&nbsp;Site\u2019nin tasar\u0131m\u0131n\u0131n, kaynak kodlar\u0131n\u0131n, aray\u00fcz\u00fcn\u00fcn, i\u00e7eri\u011finin, veritaban\u0131n\u0131n aynen, de\u011fi\u015ftirilerek veya farkl\u0131la\u015ft\u0131r\u0131larak k\u0131smen veya tamamen kullan\u0131lmas\u0131 yasakt\u0131r.<\/p>\n\n\n\n<h2 class=\"wp-block-heading\">5. Ki\u015fisel Verilerin Korunmas\u0131<\/h2>\n\n\n\n<p>Site arac\u0131l\u0131\u011f\u0131yla taleplerin al\u0131nmas\u0131, yerine getirilmesi gibi faaliyetler neticesinde ger\u00e7ek ki\u015filere ili\u015fkin ki\u015fisel veriler i\u015flenebilmektedir. Ki\u015fisel verilerinizin i\u015flenmesine ili\u015fkin detayl\u0131 bilgilendirme i\u00e7in l\u00fctfen sitede yer alan Ki\u015fisel Verilerin Korunmas\u0131 Politikas\u0131\u2019n\u0131 inceleyiniz.<\/p>\n\n\n\n<h2 class=\"wp-block-heading\">6. Sair D\u00fczenlemeler<\/h2>\n\n\n\n<p><strong>6.1.<\/strong>&nbsp;Bu Kullan\u0131m Ko\u015fullar\u0131n\u0131n uygulanmas\u0131ndan do\u011fabilecek uyu\u015fmazl\u0131klar\u0131n \u00e7\u00f6z\u00fcm\u00fcnde \u0130zmir (Menderes) Mahkemeleri ve \u0130cra Daireleri yetkili k\u0131l\u0131nm\u0131\u015ft\u0131r.<\/p>\n\n\n\n<p><strong>6.2.<\/strong>&nbsp;Kullan\u0131m Ko\u015fullar\u0131 ilgili taraflara g\u00f6nderilecek olan t\u00fcm bildirimler, Kullan\u0131c\u0131lar\u0131n \u015eirket nezdindeki e-posta adresi\/adresleri vas\u0131tas\u0131yla yap\u0131lacakt\u0131r.<\/p>\n\n\n\n<p><\/p>\n","protected":false},"excerpt":{"rendered":"<p>KULLANIM KO\u015eULLARI Kullan\u0131m Ko\u015fullar\u0131, eri\u015fim sa\u011flad\u0131\u011f\u0131n\u0131z www.tyhra.com.tr\/en2 internet sitesinin kullan\u0131lmas\u0131na ili\u015fkin kural ve ko\u015fullar\u0131 belirlemekte ve bu do\u011frultuda Taraflar\u2019\u0131n hak ve y\u00fck\u00fcml\u00fcl\u00fcklerini d\u00fczenlemektedir. 1. Kullan\u0131m Ko\u015fullar\u0131 1.1.&nbsp;Kullan\u0131m Ko\u015fullar\u0131, eri\u015fim sa\u011flad\u0131\u011f\u0131n\u0131z www.tyhra.com.tr\/en2 internet sitesinin kullan\u0131lmas\u0131na ili\u015fkin kural ve ko\u015fullar\u0131 belirlemekte ve bu do\u011frultuda Taraflar\u2019\u0131n hak ve y\u00fck\u00fcml\u00fcl\u00fcklerini d\u00fczenlemektedir. 1.2.&nbsp;Site\u2019ye eri\u015filmesi ve Site\u2019nin kullan\u0131m\u0131 ile Kullan\u0131c\u0131lar\u0131n Site [&hellip;]<\/p>\n","protected":false},"author":1,"featured_media":0,"parent":0,"menu_order":0,"comment_status":"closed","ping_status":"closed","template":"","meta":{"_acf_changed":false,"_uag_custom_page_level_css":"","site-sidebar-layout":"default","site-content-layout":"","ast-site-content-layout":"default","site-content-style":"default","site-sidebar-style":"default","ast-global-header-display":"","ast-banner-title-visibility":"","ast-main-header-display":"","ast-hfb-above-header-display":"","ast-hfb-below-header-display":"","ast-hfb-mobile-header-display":"","site-post-title":"disabled","ast-breadcrumbs-content":"","ast-featured-img":"","footer-sml-layout":"","ast-disable-related-posts":"","theme-transparent-header-meta":"","adv-header-id-meta":"","stick-header-meta":"","header-above-stick-meta":"","header-main-stick-meta":"","header-below-stick-meta":"","astra-migrate-meta-layouts":"set","ast-page-background-enabled":"default","ast-page-background-meta":{"desktop":{"background-color":"var(--ast-global-color-4)","background-image":"","background-repeat":"repeat","background-position":"center center","background-size":"auto","background-attachment":"scroll","background-type":"","background-media":"","overlay-type":"","overlay-color":"","overlay-opacity":"","overlay-gradient":""},"tablet":{"background-color":"","background-image":"","background-repeat":"repeat","background-position":"center center","background-size":"auto","background-attachment":"scroll","background-type":"","background-media":"","overlay-type":"","overlay-color":"","overlay-opacity":"","overlay-gradient":""},"mobile":{"background-color":"","background-image":"","background-repeat":"repeat","background-position":"center center","background-size":"auto","background-attachment":"scroll","background-type":"","background-media":"","overlay-type":"","overlay-color":"","overlay-opacity":"","overlay-gradient":""}},"ast-content-background-meta":{"desktop":{"background-color":"var(--ast-global-color-5)","background-image":"","background-repeat":"repeat","background-position":"center center","background-size":"auto","background-attachment":"scroll","background-type":"","background-media":"","overlay-type":"","overlay-color":"","overlay-opacity":"","overlay-gradient":""},"tablet":{"background-color":"var(--ast-global-color-5)","background-image":"","background-repeat":"repeat","background-position":"center center","background-size":"auto","background-attachment":"scroll","background-type":"","background-media":"","overlay-type":"","overlay-color":"","overlay-opacity":"","overlay-gradient":""},"mobile":{"background-color":"var(--ast-global-color-5)","background-image":"","background-repeat":"repeat","background-position":"center center","background-size":"auto","background-attachment":"scroll","background-type":"","background-media":"","overlay-type":"","overlay-color":"","overlay-opacity":"","overlay-gradient":""}},"footnotes":""},"class_list":["post-2802","page","type-page","status-publish","hentry"],"acf":[],"aioseo_notices":[],"uagb_featured_image_src":{"full":false,"thumbnail":false,"medium":false,"medium_large":false,"large":false,"1536x1536":false,"2048x2048":false,"woocommerce_thumbnail":false,"woocommerce_single":false,"woocommerce_gallery_thumbnail":false},"uagb_author_info":{"display_name":"66hamza.66karabulut@gmail.com","author_link":"https:\/\/tyhra.com.tr\/en\/blog\/author\/66hamza-66karabulutgmail-com\/"},"uagb_comment_info":0,"uagb_excerpt":"KULLANIM KO\u015eULLARI Kullan\u0131m Ko\u015fullar\u0131, eri\u015fim sa\u011flad\u0131\u011f\u0131n\u0131z www.tyhra.com.tr\/en2 internet sitesinin kullan\u0131lmas\u0131na ili\u015fkin kural ve ko\u015fullar\u0131 belirlemekte ve bu do\u011frultuda Taraflar\u2019\u0131n hak ve y\u00fck\u00fcml\u00fcl\u00fcklerini d\u00fczenlemektedir. 1. Kullan\u0131m Ko\u015fullar\u0131 1.1.&nbsp;Kullan\u0131m Ko\u015fullar\u0131, eri\u015fim sa\u011flad\u0131\u011f\u0131n\u0131z www.tyhra.com.tr\/en2 internet sitesinin kullan\u0131lmas\u0131na ili\u015fkin kural ve ko\u015fullar\u0131 belirlemekte ve bu do\u011frultuda Taraflar\u2019\u0131n hak ve y\u00fck\u00fcml\u00fcl\u00fcklerini d\u00fczenlemektedir. 1.2.&nbsp;Site\u2019ye eri\u015filmesi ve Site\u2019nin kullan\u0131m\u0131 ile Kullan\u0131c\u0131lar\u0131n Site&hellip;","_links":{"self":[{"href":"https:\/\/tyhra.com.tr\/en\/wp-json\/wp\/v2\/pages\/2802","targetHints":{"allow":["GET"]}}],"collection":[{"href":"https:\/\/tyhra.com.tr\/en\/wp-json\/wp\/v2\/pages"}],"about":[{"href":"https:\/\/tyhra.com.tr\/en\/wp-json\/wp\/v2\/types\/page"}],"author":[{"embeddable":true,"href":"https:\/\/tyhra.com.tr\/en\/wp-json\/wp\/v2\/users\/1"}],"replies":[{"embeddable":true,"href":"https:\/\/tyhra.com.tr\/en\/wp-json\/wp\/v2\/comments?post=2802"}],"version-history":[{"count":3,"href":"https:\/\/tyhra.com.tr\/en\/wp-json\/wp\/v2\/pages\/2802\/revisions"}],"predecessor-version":[{"id":3011,"href":"https:\/\/tyhra.com.tr\/en\/wp-json\/wp\/v2\/pages\/2802\/revisions\/3011"}],"wp:attachment":[{"href":"https:\/\/tyhra.com.tr\/en\/wp-json\/wp\/v2\/media?parent=2802"}],"curies":[{"name":"wp","href":"https:\/\/api.w.org\/{rel}","templated":true}]}}