{"id":2799,"date":"2026-04-03T10:25:52","date_gmt":"2026-04-03T07:25:52","guid":{"rendered":"https:\/\/tyhra.com.tr\/en2\/?page_id=2799"},"modified":"2026-04-17T08:45:56","modified_gmt":"2026-04-17T05:45:56","slug":"cookie-policy","status":"publish","type":"page","link":"https:\/\/tyhra.com.tr\/en\/cookie-policy\/","title":{"rendered":"Cookie Policy"},"content":{"rendered":"\n<h1 class=\"wp-block-heading\">\u00c7EREZLERE Y\u00d6NEL\u0130K AYDINLATMA METN\u0130<\/h1>\n\n\n\n<p>**Tyhra End\u00fcstriyel Otomasyon ve Tar\u0131m San. ve Tic. A.\u015e. (\u201c\u015eirket\u201d veya &#8220;Tyhra&#8221;)** olarak; ki\u015fisel verilerinizin gizlili\u011fi ve g\u00fcvenli\u011fi en \u00f6nemli \u00f6nceliklerimiz aras\u0131ndad\u0131r. Bu kapsamda, 6698 say\u0131l\u0131 Ki\u015fisel Verilerin Korunmas\u0131 Kanunu\u2019nun (&#8220;KVKK\u201d) 10. maddesinden do\u011fan ayd\u0131nlatma y\u00fck\u00fcml\u00fcl\u00fc\u011f\u00fcm\u00fcz\u00fc yerine getirmek amac\u0131yla ki\u015fisel verileriniz hakk\u0131nda sizleri bilgilendirmek isteriz. Ki\u015fisel veri, kimli\u011finizi belirli ya da belirlenebilir k\u0131lan her t\u00fcrl\u00fc bilgi anlam\u0131na gelmektedir. \u015eirket\u2019e ait olan ziyaret etti\u011finiz **www.tyhra.com.tr\/en2** internet sitesi (\u201c\u0130nternet Sitesi\u201d), \u00e7erez (cookie) kullanan bir sitedir. \u00c7erez; kullan\u0131lmakta olan terminal cihazlara depolanmak suretiyle s\u00f6z konusu cihaz\u0131n tespit edilmesine olanak sa\u011flayan, \u00e7o\u011funlukla harf ve say\u0131 kombinasyonlar\u0131ndan olu\u015fan d\u00fc\u015f\u00fck boyutlu k\u00fc\u00e7\u00fck metin dosyas\u0131d\u0131r. \u0130\u015fbu \u00c7erezlere Y\u00f6nelik Ayd\u0131nlatma Metni\u2019nin amac\u0131, \u0130nternet Sitemizde kullan\u0131lan \u00e7erezlerin terminal cihazlar\u0131n\u0131za yerle\u015ftirilmesi arac\u0131l\u0131\u011f\u0131yla otomatik yolla elde edilen ki\u015fisel verilerinizin i\u015flenmesine ili\u015fkin olarak, hangi ama\u00e7larla hangi t\u00fcr \u00e7erezleri kulland\u0131\u011f\u0131m\u0131z ve bu \u00e7erezleri nas\u0131l y\u00f6netebilece\u011finiz hakk\u0131nda sizlere bilgi vermektir.<\/p>\n\n\n\n<h2 class=\"wp-block-heading\">1. \u015eirket Taraf\u0131ndan Hangi T\u00fcr \u00c7erezler Kullan\u0131lmaktad\u0131r?<\/h2>\n\n\n\n<p>\u00c7erez t\u00fcrlerini, kullan\u0131m ama\u00e7lar\u0131na, s\u00fcrelerine ve taraflar\u0131na g\u00f6re tasnif etmek m\u00fcmk\u00fcnd\u00fcr.<\/p>\n\n\n\n<h3 class=\"wp-block-heading\">1.1. Kullan\u0131m Ama\u00e7lar\u0131na G\u00f6re \u00c7erezler<\/h3>\n\n\n\n<p>\u015eirket olarak, \u0130nternet Sitemizde temelde a\u015fa\u011f\u0131daki ama\u00e7larla \u00e7erezler kullanmaktay\u0131z:<\/p>\n\n\n\n<figure class=\"wp-block-table\"><table class=\"has-fixed-layout\"><thead><tr><th class=\"has-text-align-left\" data-align=\"left\">\u00c7erez Kategorisi<\/th><th class=\"has-text-align-left\" data-align=\"left\">Ama\u00e7<\/th><th class=\"has-text-align-left\" data-align=\"left\">\u00d6rnek Uygulamalar<\/th><\/tr><\/thead><tbody><tr><td class=\"has-text-align-left\" data-align=\"left\">**Zorunlu Tan\u0131mlama (Kesinlikle Gerekli) \u00c7erezler**<\/td><td class=\"has-text-align-left\" data-align=\"left\">\u0130nternet Sitesi\u2019nin \u00e7al\u0131\u015fmas\u0131 i\u00e7in zorunlu olan ve sistemlerimizce kapat\u0131lmas\u0131 m\u00fcmk\u00fcn olmayan \u00e7erezlerdir.<\/td><td class=\"has-text-align-left\" data-align=\"left\">Kullan\u0131c\u0131n\u0131n oturum a\u00e7ma (log-in) bilgileri, gizlilik tercihlerinin hat\u0131rlanmas\u0131 gibi temel hizmetlerin yerine getirilmesi.<\/td><\/tr><tr><td class=\"has-text-align-left\" data-align=\"left\">**Performans Tan\u0131mlama (Analitik) \u00c7erezleri**<\/td><td class=\"has-text-align-left\" data-align=\"left\">\u0130nternet Sitesi\u2019nin performans\u0131n\u0131 \u00f6l\u00e7ebilmek ve geli\u015ftirebilmek i\u00e7in ziyaretleri ve trafi\u011fi izlememize yard\u0131mc\u0131 olur. Hangi sayfalar\u0131n en \u00e7ok\/en az pop\u00fcler oldu\u011funu, m\u00fc\u015fterilerin sitede nas\u0131l gezindi\u011fini g\u00f6rmemizi sa\u011flar. **(\u00d6rn: Google Analytics)**<\/td><td class=\"has-text-align-left\" data-align=\"left\">T\u0131klama s\u0131kl\u0131\u011f\u0131n\u0131z\u0131n takibi, site ziyaret\u00e7i say\u0131lar\u0131n\u0131n ve anonim trafik analizinin yap\u0131lmas\u0131.<\/td><\/tr><tr><td class=\"has-text-align-left\" data-align=\"left\">**\u0130\u015flevsel Tan\u0131mlama \u00c7erezleri**<\/td><td class=\"has-text-align-left\" data-align=\"left\">\u0130nternet Sitesi\u2019nin geli\u015fmi\u015f bir i\u015flevsellik ve ki\u015fiselle\u015ftirme sunulmas\u0131na olanak sa\u011flar.<\/td><td class=\"has-text-align-left\" data-align=\"left\">Dil tercihlerinize dair yapt\u0131\u011f\u0131n\u0131z ayarlar, daha \u00f6nce doldurulmu\u015f form bilgilerinin hat\u0131rlanmas\u0131.<\/td><\/tr><tr><td class=\"has-text-align-left\" data-align=\"left\">**Hedefleme Ama\u00e7l\u0131 Tan\u0131mlama \u00c7erezleri**<\/td><td class=\"has-text-align-left\" data-align=\"left\">Tercih ve ilgi alanlar\u0131n\u0131za y\u00f6nelik \u00fcr\u00fcn sunmak amac\u0131yla kullan\u0131lmakta olup, reklam ortaklar\u0131m\u0131z taraf\u0131ndan ayarlanabilmektedir. **(\u00d6rn: YouTube)**<\/td><td class=\"has-text-align-left\" data-align=\"left\">YouTube videolar\u0131 arac\u0131l\u0131\u011f\u0131yla ilgi alanlar\u0131n\u0131z\u0131n profilini olu\u015fturmak, di\u011fer sitelerde ilgili reklamlar\u0131 g\u00f6stermek.<\/td><\/tr><\/tbody><\/table><\/figure>\n\n\n\n<h3 class=\"wp-block-heading\">1.2. Taraflar\u0131na G\u00f6re \u00c7erezler ve Siteye \u00d6zel Kullan\u0131m<\/h3>\n\n\n\n<figure class=\"wp-block-table\"><table class=\"has-fixed-layout\"><thead><tr><th class=\"has-text-align-left\" data-align=\"left\">\u00c7erez Tipi<\/th><th class=\"has-text-align-left\" data-align=\"left\">Kaynak<\/th><th class=\"has-text-align-left\" data-align=\"left\">Siteye \u00d6zel Kullan\u0131m<\/th><\/tr><\/thead><tbody><tr><td class=\"has-text-align-left\" data-align=\"left\">**Birinci Taraf \u00c7erezler**<\/td><td class=\"has-text-align-left\" data-align=\"left\">Do\u011frudan Tyhra \u0130nternet Sitesi taraf\u0131ndan cihaz\u0131n\u0131za yerle\u015ftirilir.<\/td><td class=\"has-text-align-left\" data-align=\"left\">Zorunlu, \u0130\u015flevsel ve Oturum bilgilerinizin y\u00f6netimi.<\/td><\/tr><tr><td class=\"has-text-align-left\" data-align=\"left\">**\u00dc\u00e7\u00fcnc\u00fc Taraf \u00c7erezler**<\/td><td class=\"has-text-align-left\" data-align=\"left\">\u015eirket ile i\u015f birli\u011fi i\u00e7erisinde olan \u00fc\u00e7\u00fcnc\u00fc bir taraf\u00e7a cihaz\u0131n\u0131za yerle\u015ftirilir.<\/td><td class=\"has-text-align-left\" data-align=\"left\">**Google Analytics** (Analitik veriler), **YouTube** (G\u00f6m\u00fcl\u00fc videolar\u0131n oynat\u0131lmas\u0131 ve izleme takibi).<\/td><\/tr><\/tbody><\/table><\/figure>\n\n\n\n<h3 class=\"wp-block-heading\">1.3. S\u00fcrelerine G\u00f6re \u00c7erezler<\/h3>\n\n\n\n<p>\u015eirket olarak, s\u00fcrelerine g\u00f6re iki t\u00fcr \u00e7erez kullanmaktay\u0131z: Oturum (Session) \u00c7erezleri ve Kal\u0131c\u0131 (Persistent) \u00c7erezler.<\/p>\n\n\n\n<ul class=\"wp-block-list\">\n<li>Oturum \u00c7erezleri:\u00a0Ge\u00e7ici \u00e7erez olup, \u0130nternet taray\u0131c\u0131n\u0131z\u0131 kapatt\u0131\u011f\u0131n\u0131zda otomatik olarak silinir.<\/li>\n\n\n\n<li>Kal\u0131c\u0131 \u00c7erezler:\u00a0Taray\u0131c\u0131 kapat\u0131lsa bile belirli bir s\u00fcre cihaz\u0131n\u0131zda kalmaya devam eder ve o s\u00fcrenin sonunda kendili\u011finden silinir.<\/li>\n<\/ul>\n\n\n\n<h2 class=\"wp-block-heading\">2. \u00c7erez Kullan\u0131m\u0131n\u0131n Hukuki Sebebi ve Kullan\u0131m Ama\u00e7lar\u0131<\/h2>\n\n\n\n<p>Tyhra olarak, \u00e7erezler vas\u0131tas\u0131yla toplanan ki\u015fisel verilerinizi KVKK\u2019n\u0131n 5. maddesinde belirtilen hukuka uygunluk sebeplerine dayanarak i\u015fliyoruz:<\/p>\n\n\n\n<figure class=\"wp-block-table\"><table class=\"has-fixed-layout\"><thead><tr><th class=\"has-text-align-left\" data-align=\"left\">Hukuki Sebep (KVKK m.5)<\/th><th class=\"has-text-align-left\" data-align=\"left\">\u00c7erez Kategorisi ve Ama\u00e7<\/th><\/tr><\/thead><tbody><tr><td class=\"has-text-align-left\" data-align=\"left\">**S\u00f6zle\u015fmenin kurulmas\u0131 veya ifas\u0131yla do\u011frudan ilgili olmas\u0131**<\/td><td class=\"has-text-align-left\" data-align=\"left\">**Zorunlu Tan\u0131mlama \u00c7erezleri:** Platform\u2019un sundu\u011fu temel hizmetlerden yararlanman\u0131z\u0131 sa\u011flamak.<\/td><\/tr><tr><td class=\"has-text-align-left\" data-align=\"left\">**Me\u015fru Menfaatlerimizin Zorunlu Olmas\u0131**<\/td><td class=\"has-text-align-left\" data-align=\"left\">**Performans ve \u0130\u015flevsel \u00c7erezlerin belirli k\u0131s\u0131mlar\u0131:** Platform\u2019un performans\u0131n\u0131n ve i\u015flevselli\u011finin geli\u015ftirilmesi, kullan\u0131m kolayl\u0131\u011f\u0131n\u0131n sa\u011flanmas\u0131.<\/td><\/tr><tr><td class=\"has-text-align-left\" data-align=\"left\">**A\u00e7\u0131k R\u0131zan\u0131z\u0131n Bulunmas\u0131**<\/td><td class=\"has-text-align-left\" data-align=\"left\">**Performans, Hedefleme ve \u0130\u015flevsel \u00c7erezler:** Al\u0131\u015fveri\u015f deneyiminizin iyile\u015ftirilmesi, size \u00f6zel tan\u0131t\u0131m\/pazarlama teklifleri sunulmas\u0131, \u0130nternet Sitesi i\u00e7eri\u011finin iyile\u015ftirilmesi ve\/veya tercihlerinizin belirlenmesi, memnuniyetinizin artt\u0131r\u0131lmas\u0131na y\u00f6nelik faaliyetlerin y\u00fcr\u00fct\u00fclmesi amac\u0131yla.<\/td><\/tr><tr><td class=\"has-text-align-left\" data-align=\"left\">**Bir hakk\u0131n tesisi, kullan\u0131lmas\u0131 veya korunmas\u0131**<\/td><td class=\"has-text-align-left\" data-align=\"left\">Platform\u2019da kullan\u0131lan t\u00fcm \u00e7erez tipleri vas\u0131tas\u0131yla i\u015flenen ki\u015fisel veriler, hukuki bir ihtilaf veya kamu kurumlar\u0131n\u0131n bilgi talebinde bulunmas\u0131 halinde hukuk ve dava i\u015flerinin y\u00fcr\u00fct\u00fclmesi amac\u0131yla.<\/td><\/tr><\/tbody><\/table><\/figure>\n\n\n\n<h2 class=\"wp-block-heading\">3. \u00c7erezler Vas\u0131tas\u0131yla Toplanan Ki\u015fisel Verilerin Aktar\u0131lmas\u0131<\/h2>\n\n\n\n<p>\u015eirketimiz, ki\u015fisel verilerinizi &#8220;bilme gere\u011fi&#8221; ve &#8220;kullanma gere\u011fi&#8221; ilkelerine uygun olarak, gerekli veri minimizasyonunu sa\u011flayarak ve gerekli teknik ve idari g\u00fcvenlik tedbirlerini alarak i\u015flemeye \u00f6zen g\u00f6stermektedir.<\/p>\n\n\n\n<h3 class=\"wp-block-heading\">3.1. Aktar\u0131m Ama\u00e7lar\u0131 ve Al\u0131c\u0131lar<\/h3>\n\n\n\n<ul class=\"wp-block-list\">\n<li>Tedarik\u00e7iler ve Hizmet Sa\u011flay\u0131c\u0131lar\u0131:\u00a0Hizmetlerin size \u00f6zelle\u015ftirilerek geli\u015ftirilmesi, \u00e7erez tercihlerinize uygun olarak \u00e7erez y\u00f6netimi s\u00fcrecinin y\u00fcr\u00fct\u00fclmesi ama\u00e7lar\u0131yla; anla\u015fmal\u0131 oldu\u011fumuz yurt i\u00e7i ve yurt d\u0131\u015f\u0131ndaki hizmet sa\u011flay\u0131c\u0131lar\u0131m\u0131z ile payla\u015f\u0131labilmektedir. (\u00d6r: Google Analytics ve YouTube&#8217;un yurt d\u0131\u015f\u0131ndaki sunucular\u0131na veri aktar\u0131m\u0131)<\/li>\n\n\n\n<li>Sosyal Medya Mecralar\u0131:\u00a0Hedefleme ama\u00e7l\u0131 \u00e7erezler vas\u0131tas\u0131yla elde edilen ki\u015fisel veriler, sosyal medya mecralar\u0131 arac\u0131l\u0131\u011f\u0131yla \u015eirket\u2019e giri\u015f yapman\u0131z halinde ilgili sosyal medya mecralar\u0131 ile payla\u015f\u0131labilmektedir.<\/li>\n<\/ul>\n\n\n\n<h3 class=\"wp-block-heading\">3.2. Yurt D\u0131\u015f\u0131na Aktar\u0131m<\/h3>\n\n\n\n<p>Ki\u015fisel verilerinizin yurt d\u0131\u015f\u0131na aktar\u0131lmas\u0131 (\u00d6rn: Google ve YouTube sunucular\u0131) hallerinde, KVKK\u2019n\u0131n 9. maddesi uyar\u0131nca, genellikle \u201cStandart s\u00f6zle\u015fme ile uygun g\u00fcvencenin sa\u011flanmas\u0131 ve \u00e7erez kullan\u0131m\u0131na onay vermeniz halinde ar\u0131zi olmak kayd\u0131yla KVKK\u2019n\u0131n 9.maddesinin 6. f\u0131kras\u0131nda d\u00fczenlenen hallerden birinin varl\u0131\u011f\u0131\u201d hukuki sebeplerine dayan\u0131lmaktad\u0131r.<\/p>\n\n\n\n<h2 class=\"wp-block-heading\">4. \u00c7erez Kullan\u0131m\u0131n\u0131 Nas\u0131l Kontrol Edebilirsiniz?<\/h2>\n\n\n\n<p>Tyhra \u0130nternet Sitesi\u2019ni ziyaret etti\u011finizde kar\u015f\u0131n\u0131za \u00e7\u0131kan \u00e7erez duvar\u0131ndaki **\u201cAyarlar\u201d** butonu veya \u0130nternet Sitesi\u2019nin ana sayfas\u0131n\u0131n en alt\u0131nda yer alan **\u201c\u00c7erez Tercihleri\u201d** butonu ile ula\u015faca\u011f\u0131n\u0131z \u00e7erez y\u00f6netim paneli \u00fczerinden \u00e7erez tercihlerinizi y\u00f6netebilirsiniz. Ayarlar\u0131n\u0131z\u0131 etkin hale getirmek i\u00e7in sayfay\u0131 yenilemeniz \u00f6nerilir.<\/p>\n\n\n\n<p>Zorunlu \u00e7erezlerin kullan\u0131m\u0131 sitemizin \u00e7al\u0131\u015fmas\u0131 i\u00e7in elzem oldu\u011fundan bu \u00e7erez t\u00fcr\u00fcn\u00fc y\u00f6netebilme imkan\u0131n\u0131z bulunmamaktad\u0131r.<\/p>\n\n\n\n<h3 class=\"wp-block-heading\">Taray\u0131c\u0131 Ayarlar\u0131 ile Y\u00f6netim<\/h3>\n\n\n\n<p>\u00c7erez tercihlerinizi, a\u015fa\u011f\u0131da belirtilen y\u00f6ntemleri kullanarak da y\u00f6netebilirsiniz:<\/p>\n\n\n\n<figure class=\"wp-block-table\"><table class=\"has-fixed-layout\"><thead><tr><th class=\"has-text-align-left\" data-align=\"left\">Taray\u0131c\u0131 Ad\u0131<\/th><th class=\"has-text-align-left\" data-align=\"left\">Y\u00f6netim Yolu<\/th><\/tr><\/thead><tbody><tr><td class=\"has-text-align-left\" data-align=\"left\">**Google Chrome**<\/td><td class=\"has-text-align-left\" data-align=\"left\">Taray\u0131c\u0131n\u0131z\u0131n adres b\u00f6l\u00fcm\u00fcnde yer alan &#8220;kilit i\u015fareti&#8221;ni t\u0131klayarak, &#8220;\u00e7erezler&#8221; sekmesinden \u00e7erezlere izin verebilir veya engelleyebilirsiniz.<\/td><\/tr><tr><td class=\"has-text-align-left\" data-align=\"left\">**Mozilla Firefox**<\/td><td class=\"has-text-align-left\" data-align=\"left\">Taray\u0131c\u0131n\u0131z\u0131n sa\u011f \u00fcst k\u00f6\u015fesinde yer alan &#8220;men\u00fcy\u00fc a\u00e7&#8221; sekmesini t\u0131klay\u0131n\u0131z. &#8220;Se\u00e7enekler&#8221; g\u00f6rselini t\u0131klayarak &#8220;Gizlilik ve G\u00fcvenlik&#8221; butonunu kullanarak \u00e7erezleri y\u00f6netebilirsiniz.<\/td><\/tr><tr><td class=\"has-text-align-left\" data-align=\"left\">**Internet Explorer**<\/td><td class=\"has-text-align-left\" data-align=\"left\">Taray\u0131c\u0131n\u0131z\u0131n sa\u011f \u00fcst b\u00f6l\u00fcm\u00fcnde yer alan &#8220;Ara\u00e7lar&#8221; b\u00f6l\u00fcm\u00fcnden g\u00fcvenlik sekmesini t\u0131klayarak &#8220;izin ver&#8221; veya &#8220;izin verme&#8221; \u015feklinde \u00e7erezleri y\u00f6netebilirsiniz.<\/td><\/tr><tr><td class=\"has-text-align-left\" data-align=\"left\">**Opera**<\/td><td class=\"has-text-align-left\" data-align=\"left\">Taray\u0131c\u0131n\u0131z\u0131n &#8220;Tercihler&#8221; b\u00f6l\u00fcm\u00fcnde &#8220;Geli\u015fmi\u015f&#8221;i se\u00e7erek &#8220;\u00e7erezler&#8221; b\u00f6l\u00fcm\u00fcnden \u00e7erez y\u00f6netimini yapabilirsiniz.<\/td><\/tr><tr><td class=\"has-text-align-left\" data-align=\"left\">**Safari**<\/td><td class=\"has-text-align-left\" data-align=\"left\">Telefonunuzun &#8220;Ayarlar&#8221; b\u00f6l\u00fcm\u00fcnden &#8220;safari&#8221; sekmesini se\u00e7ip, &#8220;Gizlilik ve G\u00fcvenlik&#8221; B\u00f6l\u00fcm\u00fcnden t\u00fcm \u00e7erez y\u00f6netiminizi yapabilirsiniz.<\/td><\/tr><\/tbody><\/table><\/figure>\n\n\n\n<p>Kal\u0131c\u0131 \u00e7erezleri veya oturum \u00e7erezlerini reddederseniz, \u0130nternet Sitesi\u2019ni kullanmaya devam edebilirsiniz fakat \u0130nternet Sitesi\u2019nin t\u00fcm i\u015flevlerine eri\u015femeyebilirsiniz veya eri\u015fiminiz s\u0131n\u0131rl\u0131 olabilir.<\/p>\n\n\n\n<h2 class=\"wp-block-heading\">5. Tyhra Ki\u015fisel Verilerinizi Nas\u0131l Koruyor?<\/h2>\n\n\n\n<p>\u015eirket ile payla\u015f\u0131lan ki\u015fisel veriler, \u015eirket g\u00f6zetimi ve kontrol\u00fc alt\u0131ndad\u0131r. \u015eirket, y\u00fcr\u00fcrl\u00fckteki ilgili mevzuat h\u00fck\u00fcmleri gere\u011fince bilginin gizlili\u011finin ve b\u00fct\u00fcnl\u00fc\u011f\u00fcn\u00fcn korunmas\u0131 amac\u0131yla gerekli organizasyonu kurmak ve teknik \u00f6nlemleri almak ve uyarlamak konusunda veri sorumlusu s\u0131fat\u0131yla sorumlulu\u011fu \u00fcstlenmi\u015ftir.<\/p>\n\n\n\n<ul class=\"wp-block-list\">\n<li>Veri gizlili\u011fini konu alan uluslararas\u0131 ve ulusal teknik standartlara uygun surette periyodik aral\u0131klarda s\u0131zma testleri yapt\u0131r\u0131lmaktad\u0131r.<\/li>\n\n\n\n<li>\u0130nternet Sitesi arac\u0131l\u0131\u011f\u0131yla \u015eirket\u2019e iletti\u011finiz ki\u015fisel verileriniz **SSL (Secure Sockets Layer)** teknolojisi kullan\u0131larak korunmaktad\u0131r.<\/li>\n\n\n\n<li>Ki\u015fisel verilere yetkisiz eri\u015fimleri engellemek i\u00e7in eri\u015fim ve yetki kontrolleri uygulanmaktad\u0131r.<\/li>\n<\/ul>\n\n\n\n<h2 class=\"wp-block-heading\">6. Hak ve Talepleriniz \u0130\u00e7in \u0130leti\u015fim<\/h2>\n\n\n\n<p>KVKK\u2019n\u0131n 11. maddesinde yer alan hak ve taleplerinizi, Veri Sorumlusuna Ba\u015fvuru Usul ve Esaslar\u0131 Hakk\u0131nda Tebli\u011f&#8217;de belirtilen \u015fartlara uygun d\u00fczenlenmi\u015f dilek\u00e7eyle ya da web sitemizdeki ba\u015fvuru formunu kullanarak a\u015fa\u011f\u0131daki ileti\u015fim kanallar\u0131ndan bize iletebilirsiniz:<\/p>\n\n\n\n<figure class=\"wp-block-table\"><table class=\"has-fixed-layout\"><thead><tr><th class=\"has-text-align-left\" data-align=\"left\">\u0130leti\u015fim Kanal\u0131<\/th><th class=\"has-text-align-left\" data-align=\"left\">Adres \/ Bilgi<\/th><\/tr><\/thead><tbody><tr><td class=\"has-text-align-left\" data-align=\"left\">**Yaz\u0131l\u0131 Ba\u015fvuru Adresi**<\/td><td class=\"has-text-align-left\" data-align=\"left\">O\u011flananas\u0131 Atat\u00fcrk Mahallesi Mehmet Akif Cad. No:96 Menderes \/ \u0130zmir<\/td><\/tr><tr><td class=\"has-text-align-left\" data-align=\"left\">**Kay\u0131tl\u0131 Elektronik Posta (KEP) Adresi**<\/td><td class=\"has-text-align-left\" data-align=\"left\">tyhraotomasyon@hs01.kep.tr<\/td><\/tr><tr><td class=\"has-text-align-left\" data-align=\"left\">**Elektronik Posta Adresi**<\/td><td class=\"has-text-align-left\" data-align=\"left\">info@tyhra.com.tr\/en2<\/td><\/tr><\/tbody><\/table><\/figure>\n\n\n\n<p>\u0130\u015fbu \u00c7erezlere Y\u00f6nelik Ayd\u0131nlatma Metni\u2019ni \u015eirketimiz, y\u00fcr\u00fcrl\u00fckteki mevzuatta yap\u0131labilecek de\u011fi\u015fiklikler \u00e7er\u00e7evesinde her zaman g\u00fcncelleme hakk\u0131n\u0131 sakl\u0131 tutar.<\/p>\n\n\n\n<p>G\u00fcncellenme Tarihi: 05\/12\/2025<\/p>\n","protected":false},"excerpt":{"rendered":"<p>\u00c7EREZLERE Y\u00d6NEL\u0130K AYDINLATMA METN\u0130 **Tyhra End\u00fcstriyel Otomasyon ve Tar\u0131m San. ve Tic. A.\u015e. (\u201c\u015eirket\u201d veya &#8220;Tyhra&#8221;)** olarak; ki\u015fisel verilerinizin gizlili\u011fi ve g\u00fcvenli\u011fi en \u00f6nemli \u00f6nceliklerimiz aras\u0131ndad\u0131r. Bu kapsamda, 6698 say\u0131l\u0131 Ki\u015fisel Verilerin Korunmas\u0131 Kanunu\u2019nun (&#8220;KVKK\u201d) 10. maddesinden do\u011fan ayd\u0131nlatma y\u00fck\u00fcml\u00fcl\u00fc\u011f\u00fcm\u00fcz\u00fc yerine getirmek amac\u0131yla ki\u015fisel verileriniz hakk\u0131nda sizleri bilgilendirmek isteriz. Ki\u015fisel veri, kimli\u011finizi belirli ya da [&hellip;]<\/p>\n","protected":false},"author":1,"featured_media":0,"parent":0,"menu_order":0,"comment_status":"closed","ping_status":"closed","template":"","meta":{"_acf_changed":false,"_uag_custom_page_level_css":"","site-sidebar-layout":"default","site-content-layout":"","ast-site-content-layout":"default","site-content-style":"default","site-sidebar-style":"default","ast-global-header-display":"","ast-banner-title-visibility":"","ast-main-header-display":"","ast-hfb-above-header-display":"","ast-hfb-below-header-display":"","ast-hfb-mobile-header-display":"","site-post-title":"disabled","ast-breadcrumbs-content":"","ast-featured-img":"","footer-sml-layout":"","ast-disable-related-posts":"","theme-transparent-header-meta":"","adv-header-id-meta":"","stick-header-meta":"","header-above-stick-meta":"","header-main-stick-meta":"","header-below-stick-meta":"","astra-migrate-meta-layouts":"set","ast-page-background-enabled":"default","ast-page-background-meta":{"desktop":{"background-color":"var(--ast-global-color-4)","background-image":"","background-repeat":"repeat","background-position":"center center","background-size":"auto","background-attachment":"scroll","background-type":"","background-media":"","overlay-type":"","overlay-color":"","overlay-opacity":"","overlay-gradient":""},"tablet":{"background-color":"","background-image":"","background-repeat":"repeat","background-position":"center center","background-size":"auto","background-attachment":"scroll","background-type":"","background-media":"","overlay-type":"","overlay-color":"","overlay-opacity":"","overlay-gradient":""},"mobile":{"background-color":"","background-image":"","background-repeat":"repeat","background-position":"center center","background-size":"auto","background-attachment":"scroll","background-type":"","background-media":"","overlay-type":"","overlay-color":"","overlay-opacity":"","overlay-gradient":""}},"ast-content-background-meta":{"desktop":{"background-color":"var(--ast-global-color-5)","background-image":"","background-repeat":"repeat","background-position":"center center","background-size":"auto","background-attachment":"scroll","background-type":"","background-media":"","overlay-type":"","overlay-color":"","overlay-opacity":"","overlay-gradient":""},"tablet":{"background-color":"var(--ast-global-color-5)","background-image":"","background-repeat":"repeat","background-position":"center center","background-size":"auto","background-attachment":"scroll","background-type":"","background-media":"","overlay-type":"","overlay-color":"","overlay-opacity":"","overlay-gradient":""},"mobile":{"background-color":"var(--ast-global-color-5)","background-image":"","background-repeat":"repeat","background-position":"center center","background-size":"auto","background-attachment":"scroll","background-type":"","background-media":"","overlay-type":"","overlay-color":"","overlay-opacity":"","overlay-gradient":""}},"footnotes":""},"class_list":["post-2799","page","type-page","status-publish","hentry"],"acf":[],"aioseo_notices":[],"uagb_featured_image_src":{"full":false,"thumbnail":false,"medium":false,"medium_large":false,"large":false,"1536x1536":false,"2048x2048":false,"woocommerce_thumbnail":false,"woocommerce_single":false,"woocommerce_gallery_thumbnail":false},"uagb_author_info":{"display_name":"66hamza.66karabulut@gmail.com","author_link":"https:\/\/tyhra.com.tr\/en\/blog\/author\/66hamza-66karabulutgmail-com\/"},"uagb_comment_info":0,"uagb_excerpt":"\u00c7EREZLERE Y\u00d6NEL\u0130K AYDINLATMA METN\u0130 **Tyhra End\u00fcstriyel Otomasyon ve Tar\u0131m San. ve Tic. A.\u015e. (\u201c\u015eirket\u201d veya &#8220;Tyhra&#8221;)** olarak; ki\u015fisel verilerinizin gizlili\u011fi ve g\u00fcvenli\u011fi en \u00f6nemli \u00f6nceliklerimiz aras\u0131ndad\u0131r. Bu kapsamda, 6698 say\u0131l\u0131 Ki\u015fisel Verilerin Korunmas\u0131 Kanunu\u2019nun (&#8220;KVKK\u201d) 10. maddesinden do\u011fan ayd\u0131nlatma y\u00fck\u00fcml\u00fcl\u00fc\u011f\u00fcm\u00fcz\u00fc yerine getirmek amac\u0131yla ki\u015fisel verileriniz hakk\u0131nda sizleri bilgilendirmek isteriz. Ki\u015fisel veri, kimli\u011finizi belirli ya da&hellip;","_links":{"self":[{"href":"https:\/\/tyhra.com.tr\/en\/wp-json\/wp\/v2\/pages\/2799","targetHints":{"allow":["GET"]}}],"collection":[{"href":"https:\/\/tyhra.com.tr\/en\/wp-json\/wp\/v2\/pages"}],"about":[{"href":"https:\/\/tyhra.com.tr\/en\/wp-json\/wp\/v2\/types\/page"}],"author":[{"embeddable":true,"href":"https:\/\/tyhra.com.tr\/en\/wp-json\/wp\/v2\/users\/1"}],"replies":[{"embeddable":true,"href":"https:\/\/tyhra.com.tr\/en\/wp-json\/wp\/v2\/comments?post=2799"}],"version-history":[{"count":3,"href":"https:\/\/tyhra.com.tr\/en\/wp-json\/wp\/v2\/pages\/2799\/revisions"}],"predecessor-version":[{"id":3014,"href":"https:\/\/tyhra.com.tr\/en\/wp-json\/wp\/v2\/pages\/2799\/revisions\/3014"}],"wp:attachment":[{"href":"https:\/\/tyhra.com.tr\/en\/wp-json\/wp\/v2\/media?parent=2799"}],"curies":[{"name":"wp","href":"https:\/\/api.w.org\/{rel}","templated":true}]}}