{"id":2401,"date":"2026-03-12T12:53:07","date_gmt":"2026-03-12T12:53:07","guid":{"rendered":"https:\/\/tyhra.com.tr\/en2\/?page_id=2401"},"modified":"2026-04-17T08:45:42","modified_gmt":"2026-04-17T05:45:42","slug":"fixture","status":"publish","type":"page","link":"https:\/\/tyhra.com.tr\/en\/fixture\/","title":{"rendered":"Fixture"},"content":{"rendered":"\t\t<div data-elementor-type=\"wp-page\" data-elementor-id=\"2401\" class=\"elementor elementor-2401\">\n\t\t\t\t<div class=\"elementor-element elementor-element-c18fd6b e-con-full e-flex e-con e-parent\" data-id=\"c18fd6b\" data-element_type=\"container\" data-e-type=\"container\">\n\t\t\t\t<div class=\"elementor-element elementor-element-cb32e87 elementor-widget elementor-widget-html\" data-id=\"cb32e87\" data-element_type=\"widget\" data-e-type=\"widget\" data-widget_type=\"html.default\">\n\t\t\t\t<div class=\"elementor-widget-container\">\n\t\t\t\t\t<script src=\"https:\/\/cdn.tailwindcss.com\/3.4.16\"><\/script>\r\n    <script>\r\n        tailwind.config = {\r\n                corePlugins: {\r\n      preflight: false,\r\n    },\r\n            theme: {\r\n                extend: {\r\n                    colors: {\r\n                        primary: \"#195889\",\r\n                        secondary: \"#8abfe8\",\r\n                    },\r\n                    borderRadius: {\r\n                        none: \"0px\",\r\n                        sm: \"4px\",\r\n                        DEFAULT: \"8px\",\r\n                        md: \"12px\",\r\n                        lg: \"16px\",\r\n                        xl: \"20px\",\r\n                        \"2xl\": \"24px\",\r\n                        \"3xl\": \"32px\",\r\n                        full: \"9999px\",\r\n                        button: \"8px\",\r\n                    },\r\n                },\r\n            },\r\n        };\r\n    <\/script>\r\n    \r\n  <main id=\"main-content\">\r\n    <div class=\"bg-gray-100\">\r\n    <\/div>\r\n    <section class=\"relative overflow-hidden h-[200px] md:h-[400px] lg:h-[500px] w-full\">\r\n      <div class=\"absolute inset-0 bg-gradient-to-r from-white via-white\/60 md:via-white\/20 to-transparent z-10\"><\/div>\r\n      <div class=\"absolute inset-0 bg-cover bg-center\" style=\"background-image: url('wp-content\/uploads\/tyhra\/img\/avif\/fikstur_1.avif');\"><\/div>\r\n      <div class=\"container mx-auto px-4 h-full relative z-20\">\r\n        <div class=\"flex flex-col justify-center h-full max-w-sm\">\r\n          <h1 class=\"text-3xl md:text-4xl font-bold text-primary mb-4\">\u0130htiyaca \u00f6zel Fikst\u00fcr<\/h1>\r\n          <p class=\"text-base md:text-lg text-gray-800 font-semibold mb-6\">Robotik Kaynakta Ba\u015far\u0131n\u0131z \u0130\u00e7in Sadece\r\n            Fikst\u00fcr De\u011fil, Optimum \u00c7\u00f6z\u00fcmler Tasarl\u0131yoruz.<\/p>\r\n        <\/div>\r\n      <\/div>\r\n    <\/section>\r\n    <section class=\"py-16 bg-gray-50\">\r\n      <div class=\"container mx-auto px-4\">\r\n        <div class=\"text-center mb-12\">\r\n          <h2 class=\"text-3xl font-bold text-primary mb-4\">Fikst\u00fcr \u00c7e\u015fitlerimiz<\/h2>\r\n        <\/div>\r\n        <div class=\"grid grid-cols-1 md:grid-cols-2 lg:grid-cols-3 gap-8\">\r\n          <div class=\"bg-white p-6 rounded shadow-md\">\r\n            <div class=\"flex items-center gap-4 mb-4\">\r\n              <div class=\"w-16 h-16 bg-secondary\/20 rounded-full flex items-center justify-center\">\r\n                <h4 class=\"text-primary text-2xl font-bold\">1<\/h4>\r\n              <\/div>\r\n              <p class=\"text-xl font-semibold text-primary\">Manuel Fikst\u00fcrler<\/p>\r\n            <\/div>\r\n            <p class=\"text-gray-600 mb-2\">Operat\u00f6r taraf\u0131ndan elle ayarlanan ve kullan\u0131lan fikst\u00fcrlerdir.<\/p>\r\n            <p class=\"text-gray-600 mb-2\">Genellikle k\u00fc\u00e7\u00fck ve orta \u00f6l\u00e7ekli \u00fcretimlerde, d\u00fc\u015f\u00fck maliyet ve basit yap\u0131s\u0131\r\n              nedeniyle tercih edilir.<\/p>\r\n            <p class=\"text-gray-600\">Esneklik ve kolay kullan\u0131m \u00f6zellikleri ile dikkat \u00e7eker.<\/p>\r\n          <\/div>\r\n          <div class=\"bg-white p-6 rounded shadow-md\">\r\n            <div class=\"flex items-center gap-4 mb-4\">\r\n              <div class=\"w-16 h-16 bg-secondary\/20 rounded-full flex items-center justify-center\">\r\n                <h4 class=\"text-primary text-2xl font-bold\">2<\/h4>\r\n              <\/div>\r\n              <p class=\"text-xl font-semibold text-primary\">Otomatik Fikst\u00fcrler<\/p>\r\n            <\/div>\r\n            <p class=\"text-gray-600 mb-2\">Otomasyon sistemleri ile entegre \u00e7al\u0131\u015fan fikst\u00fcrlerdir.<\/p>\r\n            <p class=\"text-gray-600 mb-2\">Y\u00fcksek hacimli \u00fcretimlerde kullan\u0131l\u0131r ve kaynak i\u015flemlerini h\u0131zland\u0131r\u0131r.<\/p>\r\n            <p class=\"text-gray-600 mb-2\">Y\u00fcksek tekrarlanabilirlik ve hassasiyet sa\u011flar.<\/p>\r\n            <p class=\"text-gray-600\">Pn\u00f6matik ve hidrolik ba\u011flant\u0131 elemanlar\u0131 kullan\u0131l\u0131r. H\u0131zl\u0131 bir \u015fekilde par\u00e7a\r\n              ba\u011flanabilir.<\/p>\r\n          <\/div>\r\n          <div class=\"bg-white p-6 rounded shadow-md\">\r\n            <div class=\"flex items-center gap-4 mb-4\">\r\n              <div class=\"w-16 h-16 bg-secondary\/20 rounded-full flex items-center justify-center\">\r\n                <h4 class=\"text-primary text-2xl font-bold\">3<\/h4>\r\n              <\/div>\r\n              <p class=\"text-xl font-semibold text-primary\">Mod\u00fcler Fikst\u00fcrler<\/p>\r\n            <\/div>\r\n            <p class=\"text-gray-600 mb-2\">Farkl\u0131 par\u00e7alar i\u00e7in h\u0131zl\u0131 bir \u015fekilde yeniden yap\u0131land\u0131r\u0131labilen, esnekli\u011fe\r\n              sahip fikst\u00fcr sistemleridir.<\/p>\r\n            <p class=\"text-gray-600\">\u00c7e\u015fitli \u00fcr\u00fcnlerin \u00fcretildi\u011fi esnek \u00fcretim hatlar\u0131nda kullan\u0131l\u0131r.<\/p>\r\n          <\/div>\r\n        <\/div>\r\n      <\/div>\r\n    <\/section>\r\n    <section class=\"text-gray-600 body-font\">\r\n      <div class=\"container px-5 py-10 mx-auto flex flex-wrap\">\r\n        <h2 class=\"text-center text-3xl font-bold text-primary mb-10 w-full\">Uygulama Mant\u0131\u011f\u0131m\u0131z: Nas\u0131l \u00c7al\u0131\u015f\u0131yoruz?\r\n        <\/h2>\r\n        <div class=\"flex flex-wrap w-full\">\r\n          <div class=\"lg:w-3\/5 md:w-1\/2 md:pr-10 md:py-6\">\r\n            <div class=\"flex relative pb-12\">\r\n              <div class=\"h-full w-10 absolute inset-0 flex items-center justify-center\">\r\n                <div class=\"h-full w-1 bg-gray-200 pointer-events-none\"><\/div>\r\n              <\/div>\r\n              <div\r\n                class=\"flex-shrink-0 w-10 h-10 rounded-full bg-primary inline-flex items-center justify-center relative z-10\">\r\n                <i class=\"ri-brain-line text-white text-xl\"><\/i>\r\n              <\/div>\r\n              <div class=\"flex-grow pl-4\">\r\n                <p class=\"font-bold text-primary mb-1\">1. Ad\u0131m: Par\u00e7an\u0131z\u0131 ve\r\n                  Prosesinizi Anl\u0131yoruz<\/p>\r\n                <p class=\"leading-relaxed\">Her \u015fey, \u00fcretece\u011finiz par\u00e7ay\u0131 ve mevcut s\u00fcre\u00e7lerinizi derinlemesine analiz\r\n                  etmekle ba\u015flar. Teknik ekibimiz, malzemenin \u00f6zelliklerinden istenen kaynak kalitesine, \u00e7evrim s\u00fcresi\r\n                  hedeflerinize ve otomasyon seviyesi beklentinize kadar her detay\u0131 inceler.<\/p>\r\n              <\/div>\r\n            <\/div>\r\n            <div class=\"flex relative pb-12\">\r\n              <div class=\"h-full w-10 absolute inset-0 flex items-center justify-center\">\r\n                <div class=\"h-full w-1 bg-gray-200 pointer-events-none\"><\/div>\r\n              <\/div>\r\n              <div\r\n                class=\"flex-shrink-0 w-10 h-10 rounded-full bg-primary inline-flex items-center justify-center relative z-10\">\r\n                <i class=\"ri-ruler-2-line text-white text-xl\"><\/i>\r\n              <\/div>\r\n              <div class=\"flex-grow pl-4\">\r\n                <p class=\"font-bold text-primary mb-1\">2. Ad\u0131m: \u0130htiyaca Y\u00f6nelik\r\n                  Fikst\u00fcr Tasar\u0131m\u0131 ve Proses Optimizasyonu<\/p>\r\n                <p class=\"leading-relaxed\">Bu analizler sonucunda, sadece par\u00e7ay\u0131 sabitleyen bir aparat de\u011fil, robotun\r\n                  en verimli \u015fekilde \u00e7al\u0131\u015faca\u011f\u0131 bir \u00fcretim istasyonu tasarlar\u0131z.<\/p>\r\n              <\/div>\r\n            <\/div>\r\n            <div class=\"flex relative pb-12\">\r\n              <div class=\"h-full w-10 absolute inset-0 flex items-center justify-center\">\r\n                <div class=\"h-full w-1 bg-gray-200 pointer-events-none\"><\/div>\r\n              <\/div>\r\n              <div\r\n                class=\"flex-shrink-0 w-10 h-10 rounded-full bg-primary inline-flex items-center justify-center relative z-10\">\r\n                <i class=\"ri-tools-line text-white text-xl\"><\/i>\r\n              <\/div>\r\n              <div class=\"flex-grow pl-4\">\r\n                <p class=\"font-bold text-primary mb-1\">3. Ad\u0131m: Amaca Uygun \u0130malat\r\n                  ve Kalite<\/p>\r\n                <p class=\"leading-relaxed\">Tasar\u0131m\u0131 onaylanm\u0131\u015f fikst\u00fcrler, projenizin gerektirdi\u011fi hassasiyete uygun, en\r\n                  verimli teknolojiler ve malzemeler kullan\u0131larak imalat parkurumuzda hayata ge\u00e7irilir.<\/p>\r\n              <\/div>\r\n            <\/div>\r\n            <div class=\"flex relative pb-12\">\r\n              <div class=\"h-full w-10 absolute inset-0 flex items-center justify-center\">\r\n                <div class=\"h-full w-1 bg-gray-200 pointer-events-none\"><\/div>\r\n              <\/div>\r\n              <div\r\n                class=\"flex-shrink-0 w-10 h-10 rounded-full bg-primary inline-flex items-center justify-center relative z-10\">\r\n                <i class=\"ri-code-s-slash-line text-white text-xl\"><\/i>\r\n              <\/div>\r\n              <div class=\"flex-grow pl-4\">\r\n                <p class=\"font-bold text-primary mb-1\">4. Ad\u0131m: Robot ve PLC Programlamas\u0131<\/p>\r\n                <p class=\"leading-relaxed\">Fikst\u00fcr i\u015fletmenize kurulduktan sonra robotunuza\r\n                  tan\u0131t\u0131r, otomatik fikst\u00fcr ise PLC haberle\u015fmesini sa\u011flar ve robotun programlamas\u0131na destek oluruz.<\/p>\r\n              <\/div>\r\n            <\/div>\r\n            <div class=\"flex relative\">\r\n              <div\r\n                class=\"flex-shrink-0 w-10 h-10 rounded-full bg-primary inline-flex items-center justify-center text-white relative z-10\">\r\n                <svg fill=\"none\" stroke=\"currentColor\" stroke-linecap=\"round\" stroke-linejoin=\"round\" stroke-width=\"2\"\r\n                  class=\"w-5 h-5\" viewBox=\"0 0 24 24\">\r\n                  <path d=\"M22 11.08V12a10 10 0 11-5.93-9.14\"><\/path>\r\n                  <path d=\"M22 4L12 14.01l-3-3\"><\/path>\r\n                <\/svg>\r\n              <\/div>\r\n              <div class=\"flex-grow pl-4\">\r\n                <p class=\"font-bold text-primary mb-1\"> Sorunsuz Devreye Alma ve\r\n                  Entegrasyon<\/p>\r\n                <p class=\"leading-relaxed\"> \u0130lk par\u00e7an\u0131n kaynat\u0131lmas\u0131ndan\r\n                  seri \u00fcretimin ba\u015flamas\u0131na kadar t\u00fcm s\u00fcre\u00e7te yan\u0131n\u0131zda olarak, sistemin sorunsuz bir \u015fekilde devreye\r\n                  al\u0131nmas\u0131n\u0131 sa\u011flar\u0131z.<\/p>\r\n              <\/div>\r\n            <\/div>\r\n          <\/div>\r\n          <div class=\"lg:w-2\/5 md:w-1\/2 object-cover object-center rounded-lg md:mt-0 mt-12 shadow-xl\">\r\n            <picture >\r\n              <source srcset=\"wp-content\/uploads\/tyhra\/img\/avif\/fikstur_2.avif\" type=\"image\/avif\">\r\n              <img decoding=\"async\" src=\"wp-content\/uploads\/tyhra\/img\/jpg\/fikstur_2.jpg\" alt=\"Fikst\u00fcr Uygulama Mant\u0131\u011f\u0131 G\u00f6rseli\">\r\n            <\/picture>\r\n          <\/div>\r\n        <\/div>\r\n      <\/div>\r\n    <\/section>\r\n    <section class=\"py-16 bg-gray-50\">\r\n      <div class=\"container mx-auto px-4\">\r\n        <div class=\"grid grid-cols-1 lg:grid-cols-2 gap-12 items-center\">\r\n          <div>\r\n            <h2 class=\"text-3xl font-bold text-primary mb-6\">Avantajlar<\/h2>\r\n            <div class=\"space-y-4\">\r\n              <div class=\"flex items-center gap-4\">\r\n                <div class=\"w-12 h-12 bg-secondary\/20 rounded-full flex items-center justify-center flex-shrink-0\">\r\n                  <i class=\"ri-ruler-2-line text-primary text-xl\"><\/i>\r\n                <\/div>\r\n                <div>\r\n                  <ul class=\"text-gray-600 list-disc list-inside\">\r\n                    <p class=\"font-semibold text-gray-900\">Tek Muhatap, Kusursuz Entegrasyon<\/p>\r\n                    <li>H\u00fccre ve fikst\u00fcr\u00fc tek bir kaynaktan alarak uyum sorunlar\u0131n\u0131 ve proje risklerini ortadan\r\n                      kald\u0131r\u0131n.<\/li>\r\n                    <li>Fikst\u00fcr, en ba\u015f\u0131ndan itibaren h\u00fccrenin bir par\u00e7as\u0131 olarak tasarlan\u0131r.<\/li>\r\n                  <\/ul>\r\n                <\/div>\r\n              <\/div>\r\n              <div class=\"flex items-center gap-4\">\r\n                <div class=\"w-12 h-12 bg-secondary\/20 rounded-full flex items-center justify-center flex-shrink-0\">\r\n                  <i class=\"ri-speed-up-line text-primary text-xl\"><\/i>\r\n                <\/div>\r\n                <div>\r\n                  <p class=\"font-semibold text-gray-900\">Derin Proses Bilgisi<\/p>\r\n                  <p class=\"text-gray-600\">Sadece bir makine imalat\u00e7\u0131s\u0131 de\u011fil, ayn\u0131 zamanda bir kaynak prosesi\r\n                    uzman\u0131y\u0131z.<\/p>\r\n                  <p class=\"text-gray-600\">Bu tecr\u00fcbemiz, en verimli ve hatas\u0131z \u00fcretimi yapman\u0131z\u0131 sa\u011flar.<\/p>\r\n                <\/div>\r\n              <\/div>\r\n              <div class=\"flex items-center gap-4\">\r\n                <div class=\"w-12 h-12 bg-secondary\/20 rounded-full flex items-center justify-center flex-shrink-0\">\r\n                  <i class=\"ri-scales-line text-primary text-xl\"><\/i>\r\n                <\/div>\r\n                <div>\r\n                  <p class=\"font-semibold text-gray-900\">Esnek ve B\u00fct\u00e7e Dostu \u00c7\u00f6z\u00fcmler<\/p>\r\n                  <p class=\"text-gray-600\">\u0130htiya\u00e7lar\u0131n\u0131za \u00f6zel olarak tam otomatik veya manuel sistemler tasarl\u0131yoruz.\r\n                  <\/p>\r\n                  <p class=\"text-gray-600\">Yat\u0131r\u0131m\u0131n\u0131z\u0131n kar\u015f\u0131l\u0131\u011f\u0131n\u0131 en \u00fcst d\u00fczeyde alman\u0131z\u0131 sa\u011fl\u0131yoruz.<\/p>\r\n                <\/div>\r\n              <\/div>\r\n              <div class=\"flex items-center gap-4\">\r\n                <div class=\"w-12 h-12 bg-secondary\/20 rounded-full flex items-center justify-center flex-shrink-0\">\r\n                  <i class=\"ri-dashboard-3-line text-primary text-xl\"><\/i>\r\n                <\/div>\r\n                <div>\r\n                  <p class=\"font-semibold text-gray-900\">Y\u00fcksek G\u00fcvenlik<\/p>\r\n                  <p class=\"text-gray-600\">Hem h\u00fccrelerimiz hem de fikst\u00fcrlerimiz, yo\u011fun \u00fcretim temposuna dayan\u0131kl\u0131,\r\n                    uzun \u00f6m\u00fcrl\u00fc ve g\u00fcvenilir olacak \u015fekilde tasarlanmaktad\u0131r.<\/p>\r\n                <\/div>\r\n              <\/div>\r\n            <\/div>\r\n          <\/div>\r\n          <div class=\"relative h-[400px] rounded-lg overflow-hidden shadow-xl\">\r\n            <picture >\r\n              <source srcset=\"wp-content\/uploads\/tyhra\/img\/avif\/fikstur_3.avif\" type=\"image\/avif\">\r\n              <img decoding=\"async\" src=\"wp-content\/uploads\/tyhra\/img\/jpg\/fikstur_3.jpg\" alt=\"Fikst\u00fcr Uygulama Mant\u0131\u011f\u0131 G\u00f6rseli\">\r\n            <\/picture>\r\n          <\/div>\r\n        <\/div>\r\n      <\/div>\r\n    <\/section>\r\n    <!-- CTA Section -->\r\n    <section class=\"py-8 bg-primary\">\r\n      <div class=\"container mx-auto px-4\">\r\n        <div class=\"flex flex-col md:flex-row items-center justify-between max-w-3xl mx-auto\">\r\n          <div class=\"mb-4 md:mb-0 md:w-2\/3\">\r\n            <h2 class=\"text-2xl font-bold text-white mb-2\">\u00dcretim S\u00fcre\u00e7lerinizi Optimize Etmeye Haz\u0131r\r\n              m\u0131s\u0131n\u0131z?<\/h2>\r\n            <p class=\"text-sm text-white\/90\">TYHRA End\u00fcstriyel Otomasyon ile robotik sistem ihtiya\u00e7lar\u0131n\u0131z\r\n              i\u00e7in hemen\r\n              ileti\u015fime ge\u00e7in.<\/p>\r\n          <\/div>\r\n          <div>\r\n            <a href=\"\/iletisim\/\"\r\n              class=\"bg-white text-primary px-6 py-2 rounded-button hover:bg-secondary hover:text-white transition-colors inline-block whitespace-nowrap\">Bize\r\n              Ula\u015f\u0131n<\/a>\r\n          <\/div>\r\n        <\/div>\r\n      <\/div>\r\n    <\/section>\r\n\r\n  <\/main>\t\t\t\t<\/div>\n\t\t\t\t<\/div>\n\t\t\t\t<\/div>\n\t\t\t\t<\/div>\n\t\t","protected":false},"excerpt":{"rendered":"<p>\u0130htiyaca \u00f6zel Fikst\u00fcr Robotik Kaynakta Ba\u015far\u0131n\u0131z \u0130\u00e7in Sadece Fikst\u00fcr De\u011fil, Optimum \u00c7\u00f6z\u00fcmler Tasarl\u0131yoruz. Fikst\u00fcr \u00c7e\u015fitlerimiz 1 Manuel Fikst\u00fcrler Operat\u00f6r taraf\u0131ndan elle ayarlanan ve kullan\u0131lan fikst\u00fcrlerdir. Genellikle k\u00fc\u00e7\u00fck ve orta \u00f6l\u00e7ekli \u00fcretimlerde, d\u00fc\u015f\u00fck maliyet ve basit yap\u0131s\u0131 nedeniyle tercih edilir. Esneklik ve kolay kullan\u0131m \u00f6zellikleri ile dikkat \u00e7eker. 2 Otomatik Fikst\u00fcrler Otomasyon sistemleri ile entegre \u00e7al\u0131\u015fan [&hellip;]<\/p>\n","protected":false},"author":1,"featured_media":0,"parent":0,"menu_order":0,"comment_status":"closed","ping_status":"closed","template":"","meta":{"_acf_changed":false,"_uag_custom_page_level_css":"","site-sidebar-layout":"no-sidebar","site-content-layout":"page-builder","ast-site-content-layout":"full-width-container","site-content-style":"default","site-sidebar-style":"default","ast-global-header-display":"","ast-banner-title-visibility":"","ast-main-header-display":"","ast-hfb-above-header-display":"","ast-hfb-below-header-display":"","ast-hfb-mobile-header-display":"","site-post-title":"disabled","ast-breadcrumbs-content":"","ast-featured-img":"disabled","footer-sml-layout":"","ast-disable-related-posts":"","theme-transparent-header-meta":"","adv-header-id-meta":"","stick-header-meta":"","header-above-stick-meta":"","header-main-stick-meta":"","header-below-stick-meta":"","astra-migrate-meta-layouts":"set","ast-page-background-enabled":"default","ast-page-background-meta":{"desktop":{"background-color":"var(--ast-global-color-4)","background-image":"","background-repeat":"repeat","background-position":"center center","background-size":"auto","background-attachment":"scroll","background-type":"","background-media":"","overlay-type":"","overlay-color":"","overlay-opacity":"","overlay-gradient":""},"tablet":{"background-color":"","background-image":"","background-repeat":"repeat","background-position":"center center","background-size":"auto","background-attachment":"scroll","background-type":"","background-media":"","overlay-type":"","overlay-color":"","overlay-opacity":"","overlay-gradient":""},"mobile":{"background-color":"","background-image":"","background-repeat":"repeat","background-position":"center center","background-size":"auto","background-attachment":"scroll","background-type":"","background-media":"","overlay-type":"","overlay-color":"","overlay-opacity":"","overlay-gradient":""}},"ast-content-background-meta":{"desktop":{"background-color":"var(--ast-global-color-5)","background-image":"","background-repeat":"repeat","background-position":"center center","background-size":"auto","background-attachment":"scroll","background-type":"","background-media":"","overlay-type":"","overlay-color":"","overlay-opacity":"","overlay-gradient":""},"tablet":{"background-color":"var(--ast-global-color-5)","background-image":"","background-repeat":"repeat","background-position":"center center","background-size":"auto","background-attachment":"scroll","background-type":"","background-media":"","overlay-type":"","overlay-color":"","overlay-opacity":"","overlay-gradient":""},"mobile":{"background-color":"var(--ast-global-color-5)","background-image":"","background-repeat":"repeat","background-position":"center center","background-size":"auto","background-attachment":"scroll","background-type":"","background-media":"","overlay-type":"","overlay-color":"","overlay-opacity":"","overlay-gradient":""}},"footnotes":""},"class_list":["post-2401","page","type-page","status-publish","hentry"],"acf":[],"aioseo_notices":[],"uagb_featured_image_src":{"full":false,"thumbnail":false,"medium":false,"medium_large":false,"large":false,"1536x1536":false,"2048x2048":false,"woocommerce_thumbnail":false,"woocommerce_single":false,"woocommerce_gallery_thumbnail":false},"uagb_author_info":{"display_name":"66hamza.66karabulut@gmail.com","author_link":"https:\/\/tyhra.com.tr\/en\/blog\/author\/66hamza-66karabulutgmail-com\/"},"uagb_comment_info":0,"uagb_excerpt":"\u0130htiyaca \u00f6zel Fikst\u00fcr Robotik Kaynakta Ba\u015far\u0131n\u0131z \u0130\u00e7in Sadece Fikst\u00fcr De\u011fil, Optimum \u00c7\u00f6z\u00fcmler Tasarl\u0131yoruz. Fikst\u00fcr \u00c7e\u015fitlerimiz 1 Manuel Fikst\u00fcrler Operat\u00f6r taraf\u0131ndan elle ayarlanan ve kullan\u0131lan fikst\u00fcrlerdir. Genellikle k\u00fc\u00e7\u00fck ve orta \u00f6l\u00e7ekli \u00fcretimlerde, d\u00fc\u015f\u00fck maliyet ve basit yap\u0131s\u0131 nedeniyle tercih edilir. Esneklik ve kolay kullan\u0131m \u00f6zellikleri ile dikkat \u00e7eker. 2 Otomatik Fikst\u00fcrler Otomasyon sistemleri ile entegre \u00e7al\u0131\u015fan&hellip;","_links":{"self":[{"href":"https:\/\/tyhra.com.tr\/en\/wp-json\/wp\/v2\/pages\/2401","targetHints":{"allow":["GET"]}}],"collection":[{"href":"https:\/\/tyhra.com.tr\/en\/wp-json\/wp\/v2\/pages"}],"about":[{"href":"https:\/\/tyhra.com.tr\/en\/wp-json\/wp\/v2\/types\/page"}],"author":[{"embeddable":true,"href":"https:\/\/tyhra.com.tr\/en\/wp-json\/wp\/v2\/users\/1"}],"replies":[{"embeddable":true,"href":"https:\/\/tyhra.com.tr\/en\/wp-json\/wp\/v2\/comments?post=2401"}],"version-history":[{"count":23,"href":"https:\/\/tyhra.com.tr\/en\/wp-json\/wp\/v2\/pages\/2401\/revisions"}],"predecessor-version":[{"id":3013,"href":"https:\/\/tyhra.com.tr\/en\/wp-json\/wp\/v2\/pages\/2401\/revisions\/3013"}],"wp:attachment":[{"href":"https:\/\/tyhra.com.tr\/en\/wp-json\/wp\/v2\/media?parent=2401"}],"curies":[{"name":"wp","href":"https:\/\/api.w.org\/{rel}","templated":true}]}}