{"id":2357,"date":"2026-03-12T12:07:27","date_gmt":"2026-03-12T12:07:27","guid":{"rendered":"https:\/\/tyhra.com.tr\/en2\/?page_id=2357"},"modified":"2026-04-17T08:35:25","modified_gmt":"2026-04-17T05:35:25","slug":"product","status":"publish","type":"page","link":"https:\/\/tyhra.com.tr\/en\/product\/","title":{"rendered":"Product"},"content":{"rendered":"\t\t<div data-elementor-type=\"wp-page\" data-elementor-id=\"2357\" class=\"elementor elementor-2357\">\n\t\t\t\t<div class=\"elementor-element elementor-element-9700514 e-con-full e-flex e-con e-parent\" data-id=\"9700514\" data-element_type=\"container\" data-e-type=\"container\">\n\t\t\t\t<div class=\"elementor-element elementor-element-0c20085 elementor-widget__width-inherit elementor-widget elementor-widget-html\" data-id=\"0c20085\" data-element_type=\"widget\" data-e-type=\"widget\" data-widget_type=\"html.default\">\n\t\t\t\t<div class=\"elementor-widget-container\">\n\t\t\t\t\t<script src=\"https:\/\/cdn.tailwindcss.com\/3.4.16\"><\/script>\r\n    <script>\r\n        tailwind.config = {\r\n                corePlugins: {\r\n      preflight: false,\r\n    },\r\n            theme: {\r\n                extend: {\r\n                    colors: {\r\n                        primary: \"#195889\",\r\n                        secondary: \"#8abfe8\",\r\n                    },\r\n                    borderRadius: {\r\n                        none: \"0px\",\r\n                        sm: \"4px\",\r\n                        DEFAULT: \"8px\",\r\n                        md: \"12px\",\r\n                        lg: \"16px\",\r\n                        xl: \"20px\",\r\n                        \"2xl\": \"24px\",\r\n                        \"3xl\": \"32px\",\r\n                        full: \"9999px\",\r\n                        button: \"8px\",\r\n                    },\r\n                },\r\n            },\r\n        };\r\n    <\/script>\r\n    \r\n  <main id=\"main-content\">\r\n    <section class=\"relative h-[400px] overflow-hidden\">\r\n      <div class=\"absolute inset-0 bg-gradient-to-r from-white via-white\/80 to-transparent z-10\"><\/div>\r\n      <div class=\"absolute inset-0 bg-cover bg-center\" style=\"background-image: url('wp-content\/uploads\/tyhra\/img\/DSCF2125.jpg');\"><\/div>\r\n      <div class=\"container mx-auto px-4 h-full relative z-20\">\r\n        <div class=\"flex flex-col justify-center h-full max-w-2xl\">\r\n          <h1 class=\"text-4xl md:text-5xl font-bold text-primary mb-6\">\r\n            \u00dcr\u00fcnlerimiz\r\n          <\/h1>\r\n          <p class=\"text-lg md:text-xl text-gray-800\">\r\n            End\u00fcstriyel otomasyon alan\u0131nda yenilik\u00e7i ve verimli \u00e7\u00f6z\u00fcmler sunan\r\n            geni\u015f \u00fcr\u00fcn yelpazemizi ke\u015ffedin.\r\n          <\/p>\r\n        <\/div>\r\n      <\/div>\r\n    <\/section>\r\n    <!-- Product Categories Section -->\r\n    <section id=\"urunler\" class=\"py-16\">\r\n      <div class=\"container mx-auto px-4\">\r\n        <div class=\"text-center mb-12\">\r\n          <h2 class=\"text-3xl font-bold text-primary mb-4\">\r\n            \u00dcr\u00fcn Kategorilerimiz\r\n          <\/h2>\r\n          <p class=\"text-gray-600 max-w-3xl mx-auto\">\r\n            End\u00fcstriyel otomasyon ihtiya\u00e7lar\u0131n\u0131z i\u00e7in geni\u015f \u00fcr\u00fcn yelpazemiz ile\r\n            \u00fcretim s\u00fcre\u00e7lerinizi optimize ediyoruz.\r\n          <\/p>\r\n        <\/div>\r\n        <div class=\"grid grid-cols-1 md:grid-cols-2 lg:grid-cols-3 gap-8\">\r\n          <a href=\"\/weldone-robotik-kaynak-hucreleri\/\">\r\n            <div\r\n              class=\"bg-white rounded-lg overflow-hidden shadow-md group hover:shadow-lg transition-shadow h-full flex flex-col\">\r\n              <div class=\"h-64 overflow-hidden\">\r\n                <picture>\r\n                  <source srcset=\"wp-content\/uploads\/tyhra\/img\/avif\/weldingcell.avif\" type=\"image\/avif\">\r\n                  <img decoding=\"async\" src=\"wp-content\/uploads\/tyhra\/img\/jpg\/weldingcell.jpg\" alt=\"Robotik Kaynak H\u00fccreleri\"\r\n                    class=\"w-full h-full object-cover object-top group-hover:scale-105 transition-transform duration-300\">\r\n                <\/picture>\r\n              <\/div>\r\n              <div class=\"p-6 flex-grow\">\r\n                <h3 class=\"text-xl font-semibold text-primary mb-3\">\r\n                  WELDONE Robotik Kaynak H\u00fccreleri\r\n                <\/h3>\r\n\r\n                <p class=\"text-gray-600 mb-4\">\r\n                  Y\u00fcksek hassasiyetli kaynak i\u015flemleri i\u00e7in tasarlanm\u0131\u015f robotik\r\n                  h\u00fccrelerimiz ile \u00fcretim kalitenizi art\u0131r\u0131n. Farkl\u0131 boyut ve\r\n                  kapasitelerde \u00e7\u00f6z\u00fcmler.\r\n                <\/p>\r\n              <\/div>\r\n            <\/div>\r\n          <\/a>\r\n          <a href=\"\/urun-kategori\/kolaboratif-robotlar\/\">\r\n            <div\r\n              class=\"bg-white rounded-lg overflow-hidden shadow-md group hover:shadow-lg transition-shadow h-full flex flex-col\">\r\n              <div class=\"h-64 overflow-hidden\">\r\n                <img decoding=\"async\" src=\"wp-content\/uploads\/tyhra\/img\/gofa.avif\" alt=\"Kolaboratif Robots\"\r\n                  class=\"w-full h-full object-cover object-top group-hover:scale-105 transition-transform duration-300\" \/>\r\n              <\/div>\r\n              <div class=\"p-6 flex-grow\">\r\n                <h3 class=\"text-xl font-semibold text-primary mb-3\">\r\n                  Kolaboratif Robotlar\r\n                <\/h3>\r\n                <p class=\"text-gray-600 mb-4\">\r\n                  \u0130nsan-robot i\u015f birli\u011fine dayal\u0131, g\u00fcvenli ve esnek otomasyon\r\n                  \u00e7\u00f6z\u00fcmleri. Kolay programlama ve h\u0131zl\u0131 kurulum imkan\u0131.\r\n                <\/p>\r\n              <\/div>\r\n            <\/div>\r\n          <\/a>\r\n          <a href=\"\/urun-kategori\/endustriyel-robotlar\/\">\r\n            <div\r\n              class=\"bg-white rounded-lg overflow-hidden shadow-md group hover:shadow-lg transition-shadow h-full flex flex-col\">\r\n              <div class=\"h-64 overflow-hidden\">\r\n                <picture>\r\n                  <source srcset=\"wp-content\/uploads\/tyhra\/img\/avif\/abb_robots.avif\" type=\"image\/avif\">\r\n                  <img decoding=\"async\" src=\"wp-content\/uploads\/tyhra\/img\/jpg\/abb_robots.jpg\" alt=\"End\u00fcstriyel Robotlar\"\r\n                    class=\"w-full h-full object-contain group-hover:scale-105 transition-transform duration-300\">\r\n                <\/picture>\r\n              <\/div>\r\n              <div class=\"p-6 flex-grow\">\r\n                <h3 class=\"text-xl font-semibold text-primary mb-3\">\r\n                  End\u00fcstriyel Robotlar\r\n                <\/h3>\r\n                <p class=\"text-gray-600 mb-4\">\r\n                  Farkl\u0131 uygulama alanlar\u0131 i\u00e7in \u00f6zel olarak tasarlanm\u0131\u015f\r\n                  end\u00fcstriyel robotlar ile \u00fcretim s\u00fcre\u00e7lerinizi otomatikle\u015ftirin.\r\n                <\/p>\r\n              <\/div>\r\n            <\/div>\r\n          <\/a>\r\n          <a href=\"\/urun-kategori\/slider\/\">\r\n            <div\r\n              class=\"bg-white rounded-lg overflow-hidden shadow-md group hover:shadow-lg transition-shadow h-full flex flex-col\">\r\n              <div class=\"h-64 overflow-hidden\">\r\n                <picture>\r\n                  <source srcset=\"wp-content\/uploads\/tyhra\/img\/avif\/slider2.avif\" type=\"image\/avif\">\r\n                  <img decoding=\"async\" src=\"wp-content\/uploads\/tyhra\/img\/jpg\/slider2.jpg\" alt=\"End\u00fcstriyel Robotlar\"\r\n                    class=\"w-full h-full object-contain group-hover:scale-105 transition-transform duration-300\">\r\n                <\/picture>\r\n              <\/div>\r\n              <div class=\"p-6 flex-grow\">\r\n                <h3 class=\"text-xl font-semibold text-primary mb-3\">\r\n                  Slider\r\n                <\/h3>\r\n                <p class=\"text-gray-600 mb-4\">\r\n                  Robotlar\u0131n \u00e7al\u0131\u015fma alan\u0131n\u0131 geni\u015fleten slider sistemleri ile daha\r\n                  geni\u015f alanlarda \u00e7al\u0131\u015fma imkan\u0131 sa\u011flay\u0131n.\r\n                <\/p>\r\n              <\/div>\r\n            <\/div>\r\n          <\/a>\r\n          <a href=\"\/urun-kategori\/kaynak-makineleri\/\">\r\n            <div\r\n              class=\"bg-white rounded-lg overflow-hidden shadow-md group hover:shadow-lg transition-shadow h-full flex flex-col\">\r\n              <div class=\"h-64 overflow-hidden\">\r\n                <img decoding=\"async\" src=\"wp-content\/uploads\/tyhra\/img\/fronius.png\" alt=\"Kaynak Makineleri\"\r\n                  class=\"w-full h-full object-cover object-top group-hover:scale-105 transition-transform duration-300\" \/>\r\n              <\/div>\r\n              <div class=\"p-6 flex-grow\">\r\n                <h3 class=\"text-xl font-semibold text-primary mb-3\">\r\n                  Kaynak Makineleri\r\n                <\/h3>\r\n                <p class=\"text-gray-600 mb-4\">\r\n                  Y\u00fcksek performansl\u0131 kaynak makineleri ile hassas ve g\u00fcvenilir\r\n                  kaynak i\u015flemleri. MIG\/MAG ve TIG Prosesleri\r\n                <\/p>\r\n              <\/div>\r\n            <\/div>\r\n          <\/a>\r\n          <a href=\"\/urun-kategori\/pozisyonerler\/\">\r\n            <div\r\n              class=\"bg-white rounded-lg overflow-hidden shadow-md group hover:shadow-lg transition-shadow h-full flex flex-col\">\r\n              <div class=\"h-64 overflow-hidden\">\r\n                <picture>\r\n                  <source srcset=\"wp-content\/uploads\/tyhra\/img\/avif\/positioners.avif\" type=\"image\/avif\">\r\n                  <img decoding=\"async\" src=\"wp-content\/uploads\/tyhra\/img\/jpg\/positioners.jpg\" alt=\"T\u00fcm pozisyonerler\"\r\n                    class=\"w-full h-full object-contain group-hover:scale-105 transition-transform duration-300\">\r\n                <\/picture>\r\n              <\/div>\r\n              <div class=\"p-6 flex-grow\">\r\n                <h3 class=\"text-xl font-semibold text-primary mb-3\">\r\n                  Pozisyonerler\r\n                <\/h3>\r\n                <p class=\"text-gray-600 mb-4\">\r\n                  Kaynak i\u015flemlerinde par\u00e7alar\u0131n ideal pozisyonda\r\n                  konumland\u0131r\u0131lmas\u0131 i\u00e7in tasarlanm\u0131\u015f pozisyonerler ile kaynak\r\n                  kalitesini art\u0131r\u0131n.\r\n                <\/p>\r\n              <\/div>\r\n            <\/div>\r\n          <\/a>\r\n          <a href=\"\/fikstur\/\">\r\n            <div\r\n              class=\"bg-white rounded-lg overflow-hidden shadow-md group hover:shadow-lg transition-shadow h-full flex flex-col\">\r\n              <div class=\"h-64 overflow-hidden\">\r\n                <picture>\r\n                  <source srcset=\"wp-content\/uploads\/tyhra\/img\/avif\/fikstur_3.avif\" type=\"image\/avif\">\r\n                  <img decoding=\"async\" src=\"wp-content\/uploads\/tyhra\/img\/jpg\/fikstur_3.jpg\" alt=\"\u00d6rnek Fikst\u00fcr\"\r\n                    class=\"w-full h-full object-contain group-hover:scale-105 transition-transform duration-300\">\r\n                <\/picture>\r\n              <\/div>\r\n              <div class=\"p-6 flex-grow\">\r\n                <h3 class=\"text-xl font-semibold text-primary mb-3\">\r\n                  Fikst\u00fcrler\r\n                <\/h3>\r\n                <p class=\"text-gray-600 mb-4\">\r\n                  Kaynak i\u015flemlerinde par\u00e7alar\u0131n ideal pozisyonda\r\n                  konumland\u0131r\u0131lmas\u0131 i\u00e7in tasarlanm\u0131\u015f pozisyonerler ile kaynak\r\n                  kalitesini art\u0131r\u0131n.\r\n                <\/p>\r\n              <\/div>\r\n            <\/div>\r\n          <\/a>\r\n          <a href=\"\/urun-kategori\/yedek-parca\/\">\r\n            <div\r\n              class=\"bg-white rounded-lg overflow-hidden shadow-md group hover:shadow-lg transition-shadow h-full flex flex-col\">\r\n              <div class=\"h-64 overflow-hidden\">\r\n                <picture>\r\n                  <source srcset=\"wp-content\/uploads\/tyhra\/img\/avif\/fikstur_3.avif\" type=\"image\/avif\">\r\n                  <img decoding=\"async\" src=\"wp-content\/uploads\/tyhra\/img\/jpg\/fikstur_3.jpg\" alt=\"\u00d6rnek Fikst\u00fcr\"\r\n                    class=\"w-full h-full object-contain group-hover:scale-105 transition-transform duration-300\">\r\n                <\/picture>\r\n              <\/div>\r\n              <div class=\"p-6 flex-grow\">\r\n                <h3 class=\"text-xl font-semibold text-primary mb-3\">\r\n                  Yedek Par\u00e7alar\r\n                <\/h3>\r\n                <p class=\"text-gray-600 mb-4\">\r\n                  \u00dcretimde s\u00fcrd\u00fcr\u00fclebilirlik i\u00e7in orjinal yedek par\u00e7alar. Stoklar\u0131m\u0131zda geni\u015f yedek par\u00e7a se\u00e7enekleri ile kesintisiz \u00fcretim garantisi.\r\n                <\/p>\r\n              <\/div>\r\n            <\/div>\r\n          <\/a>\r\n          <a href=\"\/urun-kategori\/sarf-malzeme\/\">\r\n            <div\r\n              class=\"bg-white rounded-lg overflow-hidden shadow-md group hover:shadow-lg transition-shadow h-full flex flex-col\">\r\n              <div class=\"h-64 overflow-hidden\">\r\n                <picture>\r\n                  <source srcset=\"wp-content\/uploads\/tyhra\/img\/avif\/fikstur_3.avif\" type=\"image\/avif\">\r\n                  <img decoding=\"async\" src=\"wp-content\/uploads\/tyhra\/img\/jpg\/fikstur_3.jpg\" alt=\"\u00d6rnek Fikst\u00fcr\"\r\n                    class=\"w-full h-full object-contain group-hover:scale-105 transition-transform duration-300\">\r\n                <\/picture>\r\n              <\/div>\r\n              <div class=\"p-6 flex-grow\">\r\n                <h3 class=\"text-xl font-semibold text-primary mb-3\">\r\n                  Sarf Malzemeler\r\n                <\/h3>\r\n                <p class=\"text-gray-600 mb-4\">\r\n                  Kaynak i\u015flemlerinde kullan\u0131lan sarf malzemeler ile \u00fcretim\r\n                  s\u00fcre\u00e7lerinizi destekleyin.\r\n                <\/p>\r\n              <\/div>\r\n            <\/div>\r\n          <\/a>\r\n        <\/div>\r\n      <\/div>\r\n    <\/section>\r\n  <\/main>\t\t\t\t<\/div>\n\t\t\t\t<\/div>\n\t\t\t\t<\/div>\n\t\t\t\t<\/div>\n\t\t","protected":false},"excerpt":{"rendered":"<p>\u00dcr\u00fcnlerimiz End\u00fcstriyel otomasyon alan\u0131nda yenilik\u00e7i ve verimli \u00e7\u00f6z\u00fcmler sunan geni\u015f \u00fcr\u00fcn yelpazemizi ke\u015ffedin. \u00dcr\u00fcn Kategorilerimiz End\u00fcstriyel otomasyon ihtiya\u00e7lar\u0131n\u0131z i\u00e7in geni\u015f \u00fcr\u00fcn yelpazemiz ile \u00fcretim s\u00fcre\u00e7lerinizi optimize ediyoruz. WELDONE Robotik Kaynak H\u00fccreleri Y\u00fcksek hassasiyetli kaynak i\u015flemleri i\u00e7in tasarlanm\u0131\u015f robotik h\u00fccrelerimiz ile \u00fcretim kalitenizi art\u0131r\u0131n. Farkl\u0131 boyut ve kapasitelerde \u00e7\u00f6z\u00fcmler. Kolaboratif Robotlar \u0130nsan-robot i\u015f birli\u011fine dayal\u0131, g\u00fcvenli [&hellip;]<\/p>\n","protected":false},"author":1,"featured_media":0,"parent":0,"menu_order":0,"comment_status":"closed","ping_status":"closed","template":"","meta":{"_acf_changed":false,"_uag_custom_page_level_css":"","site-sidebar-layout":"no-sidebar","site-content-layout":"page-builder","ast-site-content-layout":"full-width-container","site-content-style":"default","site-sidebar-style":"default","ast-global-header-display":"","ast-banner-title-visibility":"","ast-main-header-display":"","ast-hfb-above-header-display":"","ast-hfb-below-header-display":"","ast-hfb-mobile-header-display":"","site-post-title":"disabled","ast-breadcrumbs-content":"","ast-featured-img":"disabled","footer-sml-layout":"","ast-disable-related-posts":"","theme-transparent-header-meta":"","adv-header-id-meta":"","stick-header-meta":"","header-above-stick-meta":"","header-main-stick-meta":"","header-below-stick-meta":"","astra-migrate-meta-layouts":"set","ast-page-background-enabled":"default","ast-page-background-meta":{"desktop":{"background-color":"var(--ast-global-color-4)","background-image":"","background-repeat":"repeat","background-position":"center center","background-size":"auto","background-attachment":"scroll","background-type":"","background-media":"","overlay-type":"","overlay-color":"","overlay-opacity":"","overlay-gradient":""},"tablet":{"background-color":"","background-image":"","background-repeat":"repeat","background-position":"center center","background-size":"auto","background-attachment":"scroll","background-type":"","background-media":"","overlay-type":"","overlay-color":"","overlay-opacity":"","overlay-gradient":""},"mobile":{"background-color":"","background-image":"","background-repeat":"repeat","background-position":"center center","background-size":"auto","background-attachment":"scroll","background-type":"","background-media":"","overlay-type":"","overlay-color":"","overlay-opacity":"","overlay-gradient":""}},"ast-content-background-meta":{"desktop":{"background-color":"var(--ast-global-color-5)","background-image":"","background-repeat":"repeat","background-position":"center center","background-size":"auto","background-attachment":"scroll","background-type":"","background-media":"","overlay-type":"","overlay-color":"","overlay-opacity":"","overlay-gradient":""},"tablet":{"background-color":"var(--ast-global-color-5)","background-image":"","background-repeat":"repeat","background-position":"center center","background-size":"auto","background-attachment":"scroll","background-type":"","background-media":"","overlay-type":"","overlay-color":"","overlay-opacity":"","overlay-gradient":""},"mobile":{"background-color":"var(--ast-global-color-5)","background-image":"","background-repeat":"repeat","background-position":"center center","background-size":"auto","background-attachment":"scroll","background-type":"","background-media":"","overlay-type":"","overlay-color":"","overlay-opacity":"","overlay-gradient":""}},"footnotes":""},"class_list":["post-2357","page","type-page","status-publish","hentry"],"acf":[],"aioseo_notices":[],"uagb_featured_image_src":{"full":false,"thumbnail":false,"medium":false,"medium_large":false,"large":false,"1536x1536":false,"2048x2048":false,"woocommerce_thumbnail":false,"woocommerce_single":false,"woocommerce_gallery_thumbnail":false},"uagb_author_info":{"display_name":"66hamza.66karabulut@gmail.com","author_link":"https:\/\/tyhra.com.tr\/en\/blog\/author\/66hamza-66karabulutgmail-com\/"},"uagb_comment_info":0,"uagb_excerpt":"\u00dcr\u00fcnlerimiz End\u00fcstriyel otomasyon alan\u0131nda yenilik\u00e7i ve verimli \u00e7\u00f6z\u00fcmler sunan geni\u015f \u00fcr\u00fcn yelpazemizi ke\u015ffedin. \u00dcr\u00fcn Kategorilerimiz End\u00fcstriyel otomasyon ihtiya\u00e7lar\u0131n\u0131z i\u00e7in geni\u015f \u00fcr\u00fcn yelpazemiz ile \u00fcretim s\u00fcre\u00e7lerinizi optimize ediyoruz. WELDONE Robotik Kaynak H\u00fccreleri Y\u00fcksek hassasiyetli kaynak i\u015flemleri i\u00e7in tasarlanm\u0131\u015f robotik h\u00fccrelerimiz ile \u00fcretim kalitenizi art\u0131r\u0131n. Farkl\u0131 boyut ve kapasitelerde \u00e7\u00f6z\u00fcmler. Kolaboratif Robotlar \u0130nsan-robot i\u015f birli\u011fine dayal\u0131, g\u00fcvenli&hellip;","_links":{"self":[{"href":"https:\/\/tyhra.com.tr\/en\/wp-json\/wp\/v2\/pages\/2357","targetHints":{"allow":["GET"]}}],"collection":[{"href":"https:\/\/tyhra.com.tr\/en\/wp-json\/wp\/v2\/pages"}],"about":[{"href":"https:\/\/tyhra.com.tr\/en\/wp-json\/wp\/v2\/types\/page"}],"author":[{"embeddable":true,"href":"https:\/\/tyhra.com.tr\/en\/wp-json\/wp\/v2\/users\/1"}],"replies":[{"embeddable":true,"href":"https:\/\/tyhra.com.tr\/en\/wp-json\/wp\/v2\/comments?post=2357"}],"version-history":[{"count":33,"href":"https:\/\/tyhra.com.tr\/en\/wp-json\/wp\/v2\/pages\/2357\/revisions"}],"predecessor-version":[{"id":3006,"href":"https:\/\/tyhra.com.tr\/en\/wp-json\/wp\/v2\/pages\/2357\/revisions\/3006"}],"wp:attachment":[{"href":"https:\/\/tyhra.com.tr\/en\/wp-json\/wp\/v2\/media?parent=2357"}],"curies":[{"name":"wp","href":"https:\/\/api.w.org\/{rel}","templated":true}]}}